{"id":16713,"date":"2026-01-24T11:45:51","date_gmt":"2026-01-24T11:45:51","guid":{"rendered":"https:\/\/hk.1edo.com\/?post_type=product&#038;p=16713"},"modified":"2026-03-31T08:48:23","modified_gmt":"2026-03-31T08:48:23","slug":"ta3801-pd20w-magnetic-to-lightning-charger-for-jp","status":"publish","type":"product","link":"https:\/\/www.1edo.com\/at\/product\/ta3801-pd20w-magnetic-to-lightning-charger-for-jp\/","title":{"rendered":"TA3801 PD30W Magnetic To Lightning Charger For JP"},"content":{"rendered":"<table width=\"1080\">\n<tbody>\n<tr>\n<td width=\"192\">Modell<\/td>\n<td width=\"888\"><span style=\"vertical-align: inherit;\"><span style=\"vertical-align: inherit;\"><span style=\"vertical-align: inherit;\"><span style=\"vertical-align: inherit;\"><span style=\"vertical-align: inherit;\"><span style=\"vertical-align: inherit;\"><span style=\"vertical-align: inherit;\">TA3801.JP<\/span><\/span><\/span><\/span><\/span><\/span><\/span><\/td>\n<\/tr>\n<tr>\n<td>Farbe<\/td>\n<td><span style=\"vertical-align: inherit;\"><span style=\"vertical-align: inherit;\">Rot\/Wei\u00df\/Gr\u00fcn\/Lila<\/span><\/span><\/td>\n<\/tr>\n<tr>\n<td>Leistung<\/td>\n<td><span style=\"vertical-align: inherit;\"><span style=\"vertical-align: inherit;\"><span style=\"vertical-align: inherit;\">30,0 W<\/span><\/span><\/span><\/td>\n<\/tr>\n<tr>\n<td>Eingang<\/td>\n<td><span style=\"vertical-align: inherit;\"><span style=\"vertical-align: inherit;\"><span style=\"vertical-align: inherit;\"><span style=\"vertical-align: inherit;\"><span style=\"vertical-align: inherit;\">100V~240V 50\/60Hz 1,0A (max.)<\/span><\/span><\/span><\/span><\/span><\/td>\n<\/tr>\n<tr>\n<td>Ausgabe<\/td>\n<td width=\"888\">5,0 V \u2393 3,0 A, 9,0 V \u2393 3,0 A, 15,0 V \u2393 2,0 A, 20,0 V \u2393 1,5 A (max. 30,0 W)<\/td>\n<\/tr>\n<tr>\n<td>Schnellladeprotokoll<\/td>\n<td><span style=\"vertical-align: inherit;\"><span style=\"vertical-align: inherit;\">BC1.2 \/ APPLE 2.4A \/ SAMSUNG 2A QC3.0 \/ QC2.0 \/ PD3.0 \/ PD2.0 \/ AFC \/ FCP \/ SCP \/ PE2.0 \/ PE1.1 \/ SFCP<\/span><\/span><\/td>\n<\/tr>\n<tr>\n<td>Sicherheitsstandards<\/td>\n<td><span style=\"vertical-align: inherit;\"><span style=\"vertical-align: inherit;\"><span style=\"vertical-align: inherit;\"><span style=\"vertical-align: inherit;\"><span style=\"vertical-align: inherit;\"><span style=\"vertical-align: inherit;\"><span style=\"vertical-align: inherit;\">EN 62368-1:2014 \/ A11:2017 IEC 62368-1:2014 \/ A11:2017 UL 62368-1:2014<\/span><\/span><\/span><\/span><\/span><\/span><\/span><\/td>\n<\/tr>\n<tr>\n<td>Produktgr\u00f6\u00dfe<\/td>\n<td><span style=\"vertical-align: inherit;\"><span style=\"vertical-align: inherit;\">81.55x38x38mm<\/span><\/span><\/td>\n<\/tr>\n<tr>\n<td>Einzelhandelsverpackung<\/td>\n<td>Blisterverpackung + Farbbox + Umkarton<\/td>\n<\/tr>\n<\/tbody>\n<\/table>","protected":false},"excerpt":{"rendered":"<p><img decoding=\"async\" class=\"alignnone size-full wp-image-9312\" src=\"\/wp-content\/uploads\/product_info_imgs\/product01.png\" alt=\"\" width=\"15\" height=\"15\" \/>\u00a0 Durch die Anwendung einer brandneuen, hochintegrierten L\u00f6sung wird eine h\u00f6here Effizienz erzielt.<br \/>\n<img decoding=\"async\" class=\"alignnone size-full wp-image-9312\" src=\"\/wp-content\/uploads\/product_info_imgs\/product01.png\" alt=\"\" width=\"15\" height=\"15\" \/>\u00a0 Kreisf\u00f6rmiges Design mit einem ausgepr\u00e4gten Sinn f\u00fcr Qualit\u00e4t und Individualit\u00e4t.<br \/>\n<img decoding=\"async\" class=\"alignnone size-full wp-image-9312\" src=\"\/wp-content\/uploads\/product_info_imgs\/product01.png\" alt=\"\" width=\"15\" height=\"15\" \/>\u00a0 Vier Kerntechnologieebenen gew\u00e4hrleisten h\u00f6chste Ladesicherheit.<br \/>\n<img decoding=\"async\" class=\"alignnone size-full wp-image-9312\" src=\"\/wp-content\/uploads\/product_info_imgs\/product01.png\" alt=\"\" width=\"15\" height=\"15\" \/>\u00a0 Verf\u00fcgt \u00fcber ein weltweit einzigartiges verlustfreies Ladesystem mit globalem Patentschutz.<br \/>\n<img decoding=\"async\" class=\"alignnone size-full wp-image-9312\" src=\"\/wp-content\/uploads\/product_info_imgs\/product01.png\" alt=\"\" width=\"15\" height=\"15\" \/>\u00a0 Hochwertige, weiche Silikonau\u00dfenseite, die hautfreundlich, verschlei\u00dffest und langlebig ist.<br \/>\n<img decoding=\"async\" class=\"alignnone size-full wp-image-9312\" src=\"\/wp-content\/uploads\/product_info_imgs\/product01.png\" alt=\"\" width=\"15\" height=\"15\" \/>\u00a0 Mini- und tragbares Design, nur 38 mm Durchmesser.<\/p>","protected":false},"featured_media":17347,"comment_status":"open","ping_status":"closed","template":"","meta":[],"product_brand":[],"product_cat":[122,121,153,123],"product_tag":[126],"class_list":{"0":"post-16713","1":"product","2":"type-product","3":"status-publish","4":"has-post-thumbnail","6":"product_cat-chargers","7":"product_cat-products","8":"product_cat-ta3801","9":"product_cat-travel-chargers","10":"product_tag-20w","11":"pa_power-30w","13":"first","14":"instock","15":"taxable","16":"shipping-taxable","17":"purchasable","18":"product-type-variable","19":"has-default-attributes"},"_links":{"self":[{"href":"https:\/\/www.1edo.com\/at\/wp-json\/wp\/v2\/product\/16713","targetHints":{"allow":["GET"]}}],"collection":[{"href":"https:\/\/www.1edo.com\/at\/wp-json\/wp\/v2\/product"}],"about":[{"href":"https:\/\/www.1edo.com\/at\/wp-json\/wp\/v2\/types\/product"}],"replies":[{"embeddable":true,"href":"https:\/\/www.1edo.com\/at\/wp-json\/wp\/v2\/comments?post=16713"}],"version-history":[{"count":0,"href":"https:\/\/www.1edo.com\/at\/wp-json\/wp\/v2\/product\/16713\/revisions"}],"wp:featuredmedia":[{"embeddable":true,"href":"https:\/\/www.1edo.com\/at\/wp-json\/wp\/v2\/media\/17347"}],"wp:attachment":[{"href":"https:\/\/www.1edo.com\/at\/wp-json\/wp\/v2\/media?parent=16713"}],"wp:term":[{"taxonomy":"product_brand","embeddable":true,"href":"https:\/\/www.1edo.com\/at\/wp-json\/wp\/v2\/product_brand?post=16713"},{"taxonomy":"product_cat","embeddable":true,"href":"https:\/\/www.1edo.com\/at\/wp-json\/wp\/v2\/product_cat?post=16713"},{"taxonomy":"product_tag","embeddable":true,"href":"https:\/\/www.1edo.com\/at\/wp-json\/wp\/v2\/product_tag?post=16713"}],"curies":[{"name":"wp","href":"https:\/\/api.w.org\/{rel}","templated":true}]}}