{"id":15601,"date":"2026-01-16T10:37:59","date_gmt":"2026-01-16T10:37:59","guid":{"rendered":"https:\/\/hk.1edo.com\/?post_type=product&#038;p=15601"},"modified":"2026-04-01T08:57:34","modified_gmt":"2026-04-01T08:57:34","slug":"ta3803-pd20w-magnetic-to-lightning-charging-set-for-us","status":"publish","type":"product","link":"https:\/\/www.1edo.com\/ca-fr\/produit\/ta3803-pd20w-magnetic-to-lightning-charging-set-for-us\/","title":{"rendered":"Kit de charge magn\u00e9tique vers Lightning TA3803-PD20W pour les \u00c9tats-Unis"},"content":{"rendered":"","protected":false},"excerpt":{"rendered":"<p><img decoding=\"async\" class=\"alignnone size-full wp-image-9312\" src=\"\/wp-content\/uploads\/product_info_imgs\/product01.png\" alt=\"\" width=\"15\" height=\"15\" \/>\u00a0 Port de charge rapide USB-A.<br \/>\n<img decoding=\"async\" class=\"alignnone size-full wp-image-9312\" src=\"\/wp-content\/uploads\/product_info_imgs\/product01.png\" alt=\"\" width=\"15\" height=\"15\" \/>\u00a0 Voyant d&#039;alimentation LED.<br \/>\n<img decoding=\"async\" class=\"alignnone size-full wp-image-9312\" src=\"\/wp-content\/uploads\/product_info_imgs\/product01.png\" alt=\"\" width=\"15\" height=\"15\" \/>\u00a0 Technologie des puces intelligentes.<br \/>\n<img decoding=\"async\" class=\"alignnone size-full wp-image-9312\" src=\"\/wp-content\/uploads\/product_info_imgs\/product01.png\" alt=\"\" width=\"15\" height=\"15\" \/>\u00a0 Conception ergonomique et peu encombrante.<br \/>\n<img decoding=\"async\" class=\"alignnone size-full wp-image-9312\" src=\"\/wp-content\/uploads\/product_info_imgs\/product01.png\" alt=\"\" width=\"15\" height=\"15\" \/>\u00a0 Mat\u00e9riaux certifi\u00e9s de qualit\u00e9 sup\u00e9rieure.<br \/>\n<img decoding=\"async\" class=\"alignnone size-full wp-image-9312\" src=\"\/wp-content\/uploads\/product_info_imgs\/product01.png\" alt=\"\" width=\"15\" height=\"15\" \/>\u00a0 Large compatibilit\u00e9.<\/p>","protected":false},"featured_media":17149,"comment_status":"open","ping_status":"closed","template":"","meta":[],"product_brand":[],"product_cat":[122,156,154,121,155,166,123],"product_tag":[126],"class_list":{"0":"post-15601","1":"product","2":"type-product","3":"status-publish","4":"has-post-thumbnail","6":"product_cat-chargers","7":"product_cat-new-arrivals","8":"product_cat-offersfeatured","9":"product_cat-products","10":"product_cat-salet","11":"product_cat-ta3803","12":"product_cat-travel-chargers","13":"product_tag-20w","14":"pa_power-20w","16":"first","17":"instock","18":"taxable","19":"shipping-taxable","20":"purchasable","21":"product-type-variable","22":"has-default-attributes"},"_links":{"self":[{"href":"https:\/\/www.1edo.com\/ca-fr\/wp-json\/wp\/v2\/product\/15601","targetHints":{"allow":["GET"]}}],"collection":[{"href":"https:\/\/www.1edo.com\/ca-fr\/wp-json\/wp\/v2\/product"}],"about":[{"href":"https:\/\/www.1edo.com\/ca-fr\/wp-json\/wp\/v2\/types\/product"}],"replies":[{"embeddable":true,"href":"https:\/\/www.1edo.com\/ca-fr\/wp-json\/wp\/v2\/comments?post=15601"}],"version-history":[{"count":0,"href":"https:\/\/www.1edo.com\/ca-fr\/wp-json\/wp\/v2\/product\/15601\/revisions"}],"wp:featuredmedia":[{"embeddable":true,"href":"https:\/\/www.1edo.com\/ca-fr\/wp-json\/wp\/v2\/media\/17149"}],"wp:attachment":[{"href":"https:\/\/www.1edo.com\/ca-fr\/wp-json\/wp\/v2\/media?parent=15601"}],"wp:term":[{"taxonomy":"product_brand","embeddable":true,"href":"https:\/\/www.1edo.com\/ca-fr\/wp-json\/wp\/v2\/product_brand?post=15601"},{"taxonomy":"product_cat","embeddable":true,"href":"https:\/\/www.1edo.com\/ca-fr\/wp-json\/wp\/v2\/product_cat?post=15601"},{"taxonomy":"product_tag","embeddable":true,"href":"https:\/\/www.1edo.com\/ca-fr\/wp-json\/wp\/v2\/product_tag?post=15601"}],"curies":[{"name":"wp","href":"https:\/\/api.w.org\/{rel}","templated":true}]}}