{"id":16693,"date":"2026-01-24T11:05:29","date_gmt":"2026-01-24T11:05:29","guid":{"rendered":"https:\/\/hkk.1edo.com\/?post_type=product&#038;p=16693"},"modified":"2026-03-31T06:57:15","modified_gmt":"2026-03-31T06:57:15","slug":"ta3801-pd30w-magnetic-to-usb-c-charging-set-for-kr","status":"publish","type":"product","link":"https:\/\/www.1edo.com\/ca-fr\/produit\/ta3801-pd30w-magnetic-to-usb-c-charging-set-for-kr\/","title":{"rendered":"Kit de charge magn\u00e9tique vers USB-C TA3801-PD30W pour KR"},"content":{"rendered":"<table width=\"1080\">\n<tbody>\n<tr>\n<td width=\"192\">Mod\u00e8le<\/td>\n<td width=\"888\"><span style=\"vertical-align: inherit;\"><span style=\"vertical-align: inherit;\"><span style=\"vertical-align: inherit;\"><span style=\"vertical-align: inherit;\"><span style=\"vertical-align: inherit;\"><span style=\"vertical-align: inherit;\"><span style=\"vertical-align: inherit;\">TA3801.KR<\/span><\/span><\/span><\/span><\/span><\/span><\/span><\/td>\n<\/tr>\n<tr>\n<td>Couleur<\/td>\n<td><span style=\"vertical-align: inherit;\"><span style=\"vertical-align: inherit;\">Rouge\/Blanc\/Vert\/Violet<\/span><\/span><\/td>\n<\/tr>\n<tr>\n<td>Pouvoir<\/td>\n<td><span style=\"vertical-align: inherit;\"><span style=\"vertical-align: inherit;\"><span style=\"vertical-align: inherit;\">30,0 W<\/span><\/span><\/span><\/td>\n<\/tr>\n<tr>\n<td>Saisir<\/td>\n<td><span style=\"vertical-align: inherit;\"><span style=\"vertical-align: inherit;\"><span style=\"vertical-align: inherit;\"><span style=\"vertical-align: inherit;\"><span style=\"vertical-align: inherit;\">100 V~240 V 50\/60 Hz 1,0 A (max.)<\/span><\/span><\/span><\/span><\/span><\/td>\n<\/tr>\n<tr>\n<td>Sortir<\/td>\n<td width=\"888\">5,0 V \u2393 3,0 A, 9,0 V \u2393 3,0 A, 15,0 V \u2393 2,0 A, 20,0 V \u2393 1,5 A (30,0 W max.)<\/td>\n<\/tr>\n<tr>\n<td>Protocole de charge rapide<\/td>\n<td><span style=\"vertical-align: inherit;\"><span style=\"vertical-align: inherit;\">BC1.2 \/ APPLE 2.4A \/ SAMSUNG 2A QC3.0 \/ QC2.0 \/ PD3.0 \/ PD2.0 \/ AFC \/ FCP \/ SCP \/ PE2.0 \/ PE1.1 \/ SFCP<\/span><\/span><\/td>\n<\/tr>\n<tr>\n<td>normes de s\u00e9curit\u00e9<\/td>\n<td><span style=\"vertical-align: inherit;\"><span style=\"vertical-align: inherit;\"><span style=\"vertical-align: inherit;\"><span style=\"vertical-align: inherit;\"><span style=\"vertical-align: inherit;\"><span style=\"vertical-align: inherit;\"><span style=\"vertical-align: inherit;\">EN 62368-1:2014 \/ A11:2017 CEI 62368-1:2014 \/ A11:2017 UL 62368-1:2014<\/span><\/span><\/span><\/span><\/span><\/span><\/span><\/td>\n<\/tr>\n<tr>\n<td>Taille du produit<\/td>\n<td><span style=\"vertical-align: inherit;\"><span style=\"vertical-align: inherit;\">104x38x38mm<\/span><\/span><\/td>\n<\/tr>\n<tr>\n<td>Emballage de vente au d\u00e9tail<\/td>\n<td>Bo\u00eete blister + Bo\u00eete couleur + Carton ext\u00e9rieur<\/td>\n<\/tr>\n<\/tbody>\n<\/table>\n<p><img fetchpriority=\"high\" decoding=\"async\" class=\"alignnone size-full wp-image-15805\" src=\"\/wp-content\/uploads\/2026\/02\/AA3-1440.webp\" alt=\"\" width=\"1440\" height=\"590\" \/><br \/>\n<img decoding=\"async\" class=\"alignnone size-full wp-image-15805\" src=\"\/wp-content\/uploads\/2026\/02\/AA4-20W-1440.webp\" alt=\"\" width=\"1440\" height=\"590\" \/><br \/>\n<img decoding=\"async\" class=\"alignnone size-full wp-image-15805\" src=\"\/wp-content\/uploads\/2026\/02\/AA5-1440.webp\" alt=\"\" width=\"1440\" height=\"590\" \/><br \/>\n<img loading=\"lazy\" decoding=\"async\" class=\"alignnone size-full wp-image-15805\" src=\"\/wp-content\/uploads\/2026\/02\/AA6-1440.webp\" alt=\"\" width=\"1440\" height=\"590\" \/><br \/>\n<img loading=\"lazy\" decoding=\"async\" class=\"alignnone size-full wp-image-15805\" src=\"\/wp-content\/uploads\/2026\/02\/AA7-1440.webp\" alt=\"\" width=\"1440\" height=\"590\" \/><br \/>\n<img loading=\"lazy\" decoding=\"async\" class=\"alignnone size-full wp-image-15805\" src=\"\/wp-content\/uploads\/2026\/02\/AA8-1440.webp\" alt=\"\" width=\"1440\" height=\"590\" \/><br \/>\n<img loading=\"lazy\" decoding=\"async\" class=\"alignnone size-full wp-image-15805\" src=\"\/wp-content\/uploads\/2026\/02\/AA9-1440.webp\" alt=\"\" width=\"1440\" height=\"590\" \/><br \/>\n<img loading=\"lazy\" decoding=\"async\" class=\"alignnone size-full wp-image-15805\" src=\"\/wp-content\/uploads\/2026\/02\/AA10-1440.webp\" alt=\"\" width=\"1440\" height=\"590\" \/><\/p>","protected":false},"excerpt":{"rendered":"<p><img loading=\"lazy\" decoding=\"async\" class=\"alignnone size-full wp-image-9312\" src=\"\/wp-content\/uploads\/product_info_imgs\/product01.png\" alt=\"\" width=\"15\" height=\"15\" \/>\u00a0 Gr\u00e2ce \u00e0 l&#039;adoption d&#039;une solution enti\u00e8rement nouvelle et hautement int\u00e9gr\u00e9e, elle atteint une efficacit\u00e9 accrue.<br \/>\n<img loading=\"lazy\" decoding=\"async\" class=\"alignnone size-full wp-image-9312\" src=\"\/wp-content\/uploads\/product_info_imgs\/product01.png\" alt=\"\" width=\"15\" height=\"15\" \/>\u00a0 Un design circulaire qui d\u00e9gage une forte impression de qualit\u00e9 et d&#039;originalit\u00e9.<br \/>\n<img loading=\"lazy\" decoding=\"async\" class=\"alignnone size-full wp-image-9312\" src=\"\/wp-content\/uploads\/product_info_imgs\/product01.png\" alt=\"\" width=\"15\" height=\"15\" \/>\u00a0 Quatre couches de technologie de base garantissent une s\u00e9curit\u00e9 de charge rigoureuse.<br \/>\n<img loading=\"lazy\" decoding=\"async\" class=\"alignnone size-full wp-image-9312\" src=\"\/wp-content\/uploads\/product_info_imgs\/product01.png\" alt=\"\" width=\"15\" height=\"15\" \/>\u00a0 Dot\u00e9 d&#039;un syst\u00e8me de charge sans perte, une premi\u00e8re mondiale, et b\u00e9n\u00e9ficiant d&#039;une protection par brevet international.<br \/>\n<img loading=\"lazy\" decoding=\"async\" class=\"alignnone size-full wp-image-9312\" src=\"\/wp-content\/uploads\/product_info_imgs\/product01.png\" alt=\"\" width=\"15\" height=\"15\" \/>\u00a0 Ext\u00e9rieur en silicone souple de qualit\u00e9 sup\u00e9rieure, respectueux de la peau, r\u00e9sistant \u00e0 l&#039;usure et con\u00e7u pour durer.<br \/>\n<img loading=\"lazy\" decoding=\"async\" class=\"alignnone size-full wp-image-9312\" src=\"\/wp-content\/uploads\/product_info_imgs\/product01.png\" alt=\"\" width=\"15\" height=\"15\" \/>\u00a0 Design mini et portable, seulement 38 mm de diam\u00e8tre.<\/p>","protected":false},"featured_media":17267,"comment_status":"open","ping_status":"closed","template":"","meta":[],"product_brand":[],"product_cat":[122,121,153,123],"product_tag":[220],"class_list":{"0":"post-16693","1":"product","2":"type-product","3":"status-publish","4":"has-post-thumbnail","6":"product_cat-chargers","7":"product_cat-products","8":"product_cat-ta3801","9":"product_cat-travel-chargers","10":"product_tag-30w","11":"pa_power-30w","13":"first","14":"instock","15":"taxable","16":"shipping-taxable","17":"purchasable","18":"product-type-variable","19":"has-default-attributes"},"_links":{"self":[{"href":"https:\/\/www.1edo.com\/ca-fr\/wp-json\/wp\/v2\/product\/16693","targetHints":{"allow":["GET"]}}],"collection":[{"href":"https:\/\/www.1edo.com\/ca-fr\/wp-json\/wp\/v2\/product"}],"about":[{"href":"https:\/\/www.1edo.com\/ca-fr\/wp-json\/wp\/v2\/types\/product"}],"replies":[{"embeddable":true,"href":"https:\/\/www.1edo.com\/ca-fr\/wp-json\/wp\/v2\/comments?post=16693"}],"version-history":[{"count":0,"href":"https:\/\/www.1edo.com\/ca-fr\/wp-json\/wp\/v2\/product\/16693\/revisions"}],"wp:featuredmedia":[{"embeddable":true,"href":"https:\/\/www.1edo.com\/ca-fr\/wp-json\/wp\/v2\/media\/17267"}],"wp:attachment":[{"href":"https:\/\/www.1edo.com\/ca-fr\/wp-json\/wp\/v2\/media?parent=16693"}],"wp:term":[{"taxonomy":"product_brand","embeddable":true,"href":"https:\/\/www.1edo.com\/ca-fr\/wp-json\/wp\/v2\/product_brand?post=16693"},{"taxonomy":"product_cat","embeddable":true,"href":"https:\/\/www.1edo.com\/ca-fr\/wp-json\/wp\/v2\/product_cat?post=16693"},{"taxonomy":"product_tag","embeddable":true,"href":"https:\/\/www.1edo.com\/ca-fr\/wp-json\/wp\/v2\/product_tag?post=16693"}],"curies":[{"name":"wp","href":"https:\/\/api.w.org\/{rel}","templated":true}]}}