{"id":17791,"date":"2026-02-10T08:25:32","date_gmt":"2026-02-10T08:25:32","guid":{"rendered":"https:\/\/hk.1edo.com\/cancel-request-form-3\/"},"modified":"2026-02-10T08:25:32","modified_gmt":"2026-02-10T08:25:32","slug":"cancel-request-form-3","status":"publish","type":"page","link":"https:\/\/www.1edo.com\/cz\/cancel-request-form-3\/","title":{"rendered":"Formul\u00e1\u0159 \u017e\u00e1dosti o zru\u0161en\u00ed \u2013 698aeb7c8a4c4"},"content":{"rendered":"","protected":false},"excerpt":{"rendered":"","protected":false},"author":1,"featured_media":0,"parent":0,"menu_order":0,"comment_status":"closed","ping_status":"closed","template":"","meta":{"footnotes":""},"class_list":["post-17791","page","type-page","status-publish","hentry"],"_links":{"self":[{"href":"https:\/\/www.1edo.com\/cz\/wp-json\/wp\/v2\/pages\/17791","targetHints":{"allow":["GET"]}}],"collection":[{"href":"https:\/\/www.1edo.com\/cz\/wp-json\/wp\/v2\/pages"}],"about":[{"href":"https:\/\/www.1edo.com\/cz\/wp-json\/wp\/v2\/types\/page"}],"author":[{"embeddable":true,"href":"https:\/\/www.1edo.com\/cz\/wp-json\/wp\/v2\/users\/1"}],"replies":[{"embeddable":true,"href":"https:\/\/www.1edo.com\/cz\/wp-json\/wp\/v2\/comments?post=17791"}],"version-history":[{"count":0,"href":"https:\/\/www.1edo.com\/cz\/wp-json\/wp\/v2\/pages\/17791\/revisions"}],"wp:attachment":[{"href":"https:\/\/www.1edo.com\/cz\/wp-json\/wp\/v2\/media?parent=17791"}],"curies":[{"name":"wp","href":"https:\/\/api.w.org\/{rel}","templated":true}]}}