



{"id":18264,"date":"2026-02-12T01:48:10","date_gmt":"2026-02-12T01:48:10","guid":{"rendered":"https:\/\/hk.1edo.com\/?post_type=product&#038;p=18264"},"modified":"2026-04-01T02:28:13","modified_gmt":"2026-04-01T02:28:13","slug":"ta3703-pd65w-usb-c-to-usb-c-charging-set-for-eu","status":"publish","type":"product","link":"https:\/\/www.1edo.com\/de\/product\/ta3703-pd65w-usb-c-to-usb-c-charging-set-for-eu\/","title":{"rendered":"TA3703 PD65W USB-C-zu-USB-C-Ladeset f\u00fcr die EU"},"content":{"rendered":"<table width=\"1080\">\n<tbody>\n<tr>\n<td width=\"192\">Modell<\/td>\n<td width=\"888\"><span style=\"vertical-align: inherit;\"><span style=\"vertical-align: inherit;\"><span style=\"vertical-align: inherit;\"><span style=\"vertical-align: inherit;\"><span style=\"vertical-align: inherit;\"><span style=\"vertical-align: inherit;\"><span style=\"vertical-align: inherit;\">TA3703.EU<\/span><\/span><\/span><\/span><\/span><\/span><\/span><\/td>\n<\/tr>\n<tr>\n<td>Farbe<\/td>\n<td><span style=\"vertical-align: inherit;\"><span style=\"vertical-align: inherit;\">Rot\/Wei\u00df\/Gr\u00fcn\/Lila<\/span><\/span><\/td>\n<\/tr>\n<tr>\n<td>Leistung<\/td>\n<td><span style=\"vertical-align: inherit;\"><span style=\"vertical-align: inherit;\"><span style=\"vertical-align: inherit;\">65,0 W<\/span><\/span><\/span><\/td>\n<\/tr>\n<tr>\n<td>Eingang<\/td>\n<td><span style=\"vertical-align: inherit;\"><span style=\"vertical-align: inherit;\"><span style=\"vertical-align: inherit;\"><span style=\"vertical-align: inherit;\"><span style=\"vertical-align: inherit;\">100V~240V 50\/60Hz 2,25A (max.)<\/span><\/span><\/span><\/span><\/span><\/td>\n<\/tr>\n<tr>\n<td>Ausgabe<\/td>\n<td width=\"888\">(USB-C, PDO) 5,0 V \u2393 3,0 A, 9,0 V \u2393 3,0 A, 12,0 V \u2393 3,0 A, 15,0 V \u2393 3,0 A, 20,0 V \u2393 3,0 A (max. 65,0 W) (USB-C, PPS) 3,3\u201321,0 V \u2393 3,0 A (max. 65,0 W)<\/td>\n<\/tr>\n<tr>\n<td>Schnellladeprotokoll<\/td>\n<td><span style=\"vertical-align: inherit;\"><span style=\"vertical-align: inherit;\">BC1.2 \/ APPLE 2.4A \/ SAMSUNG 2A QC3.0 \/ QC2.0 \/ PD3.0 \/ PD2.0 \/ AFC \/ FCP \/ SCP \/ PE2.0 \/ PE1.1 \/ SFCP<\/span><\/span><\/td>\n<\/tr>\n<tr>\n<td>Sicherheitsstandards<\/td>\n<td><span style=\"vertical-align: inherit;\"><span style=\"vertical-align: inherit;\"><span style=\"vertical-align: inherit;\"><span style=\"vertical-align: inherit;\"><span style=\"vertical-align: inherit;\"><span style=\"vertical-align: inherit;\"><span style=\"vertical-align: inherit;\">EN 62368-1:2014 \/ A11:2017 IEC 62368-1:2014 \/ A11:2017 UL 62368-1:2014<\/span><\/span><\/span><\/span><\/span><\/span><\/span><\/td>\n<\/tr>\n<tr>\n<td>Produktgr\u00f6\u00dfe<\/td>\n<td><span style=\"vertical-align: inherit;\"><span style=\"vertical-align: inherit;\">75,55 x 42 x 42 mm<\/span><\/span><\/td>\n<\/tr>\n<tr>\n<td>Einzelhandelsverpackung<\/td>\n<td>Blisterverpackung + Farbbox + Umkarton<\/td>\n<\/tr>\n<\/tbody>\n<\/table>","protected":false},"excerpt":{"rendered":"<p><img decoding=\"async\" class=\"alignnone size-full wp-image-9312\" src=\"\/wp-content\/uploads\/product_info_imgs\/product01.png\" alt=\"\" width=\"15\" height=\"15\" \/>\u00a0 Durch die Anwendung einer brandneuen, hochintegrierten L\u00f6sung wird eine h\u00f6here Effizienz erzielt.<br \/>\n<img decoding=\"async\" class=\"alignnone size-full wp-image-9312\" src=\"\/wp-content\/uploads\/product_info_imgs\/product01.png\" alt=\"\" width=\"15\" height=\"15\" \/>\u00a0 Kreisf\u00f6rmiges Design mit einem ausgepr\u00e4gten Sinn f\u00fcr Qualit\u00e4t und Individualit\u00e4t.<br \/>\n<img decoding=\"async\" class=\"alignnone size-full wp-image-9312\" src=\"\/wp-content\/uploads\/product_info_imgs\/product01.png\" alt=\"\" width=\"15\" height=\"15\" \/>\u00a0 Vier Kerntechnologieebenen gew\u00e4hrleisten h\u00f6chste Ladesicherheit.<br \/>\n<img decoding=\"async\" class=\"alignnone size-full wp-image-9312\" src=\"\/wp-content\/uploads\/product_info_imgs\/product01.png\" alt=\"\" width=\"15\" height=\"15\" \/>\u00a0 Verf\u00fcgt \u00fcber ein weltweit einzigartiges verlustfreies Ladesystem mit globalem Patentschutz.<br \/>\n<img decoding=\"async\" class=\"alignnone size-full wp-image-9312\" src=\"\/wp-content\/uploads\/product_info_imgs\/product01.png\" alt=\"\" width=\"15\" height=\"15\" \/>\u00a0 Hochwertige, weiche Silikonau\u00dfenseite, die hautfreundlich, verschlei\u00dffest und langlebig ist.<br \/>\n<img decoding=\"async\" class=\"alignnone size-full wp-image-9312\" src=\"\/wp-content\/uploads\/product_info_imgs\/product01.png\" alt=\"\" width=\"15\" height=\"15\" \/>\u00a0 Mini- und tragbares Design, nur 42 mm Durchmesser.<\/p>","protected":false},"featured_media":17934,"comment_status":"open","ping_status":"closed","template":"","meta":{"_acf_changed":false},"product_brand":[],"product_cat":[122,155,123,121,162],"product_tag":[242],"class_list":{"0":"post-18264","1":"product","2":"type-product","3":"status-publish","4":"has-post-thumbnail","6":"product_cat-chargers","7":"product_cat-salet","8":"product_cat-travel-chargers","9":"product_cat-products","10":"product_cat-ta3703","11":"product_tag-65w","12":"pa_power-65w","14":"first","15":"instock","16":"taxable","17":"shipping-taxable","18":"purchasable","19":"product-type-variable","20":"has-default-attributes","21":"wvs-archive-product-wrapper"},"acf":[],"yoast_head":"<!-- This site is optimized with the Yoast SEO plugin v26.7 - https:\/\/yoast.com\/wordpress\/plugins\/seo\/ -->\n<title>TA3703 PD65W USB-C To USB-C Charging set For EU - 1edo mall<\/title>\n<meta name=\"description\" content=\"TA3803\" \/>\n<meta name=\"robots\" content=\"index, follow, max-snippet:-1, max-image-preview:large, max-video-preview:-1\" \/>\n<link rel=\"canonical\" href=\"https:\/\/1edo.com\/kw\/product\/ta3703-pd65w-usb-c-to-usb-c-charging-set-for-eu\/\" \/>\n<meta property=\"og:locale\" content=\"de_DE\" \/>\n<meta property=\"og:type\" content=\"article\" \/>\n<meta property=\"og:title\" content=\"TA3703 PD65W USB-C To USB-C Charging set For EU - 1edo mall\" \/>\n<meta property=\"og:description\" content=\"TA3803\" \/>\n<meta property=\"og:url\" content=\"https:\/\/1edo.com\/kw\/product\/ta3703-pd65w-usb-c-to-usb-c-charging-set-for-eu\/\" \/>\n<meta property=\"og:site_name\" content=\"1edo mall\" \/>\n<meta property=\"article:modified_time\" content=\"2026-04-01T02:28:13+00:00\" \/>\n<meta property=\"og:image\" content=\"https:\/\/1edo.com\/wp-content\/uploads\/2026\/02\/TA3703-65W-EU-Green-New-1.webp\" \/>\n\t<meta property=\"og:image:width\" content=\"1200\" \/>\n\t<meta property=\"og:image:height\" content=\"1200\" \/>\n\t<meta property=\"og:image:type\" content=\"image\/webp\" \/>\n<meta name=\"twitter:card\" content=\"summary_large_image\" \/>\n<meta name=\"twitter:label1\" content=\"Gesch\u00e4tzte Lesezeit\" \/>\n\t<meta name=\"twitter:data1\" content=\"3\u00a0Minuten\" \/>\n<script type=\"application\/ld+json\" class=\"yoast-schema-graph\">{\"@context\":\"https:\/\/schema.org\",\"@graph\":[{\"@type\":\"WebPage\",\"@id\":\"https:\/\/1edo.com\/kw\/product\/ta3703-pd65w-usb-c-to-usb-c-charging-set-for-eu\/\",\"url\":\"https:\/\/1edo.com\/kw\/product\/ta3703-pd65w-usb-c-to-usb-c-charging-set-for-eu\/\",\"name\":\"TA3703 PD65W USB-C To USB-C Charging set For EU - 1edo mall\",\"isPartOf\":{\"@id\":\"https:\/\/www.1edo.com\/fr-ch\/#website\"},\"primaryImageOfPage\":{\"@id\":\"https:\/\/1edo.com\/kw\/product\/ta3703-pd65w-usb-c-to-usb-c-charging-set-for-eu\/#primaryimage\"},\"image\":{\"@id\":\"https:\/\/1edo.com\/kw\/product\/ta3703-pd65w-usb-c-to-usb-c-charging-set-for-eu\/#primaryimage\"},\"thumbnailUrl\":\"https:\/\/www.1edo.com\/wp-content\/uploads\/2026\/02\/TA3703-65W-EU-Green-New-1.webp\",\"datePublished\":\"2026-02-12T01:48:10+00:00\",\"dateModified\":\"2026-04-01T02:28:13+00:00\",\"description\":\"TA3803\",\"breadcrumb\":{\"@id\":\"https:\/\/1edo.com\/kw\/product\/ta3703-pd65w-usb-c-to-usb-c-charging-set-for-eu\/#breadcrumb\"},\"inLanguage\":\"de\",\"potentialAction\":[{\"@type\":\"ReadAction\",\"target\":[\"https:\/\/1edo.com\/kw\/product\/ta3703-pd65w-usb-c-to-usb-c-charging-set-for-eu\/\"]}]},{\"@type\":\"ImageObject\",\"inLanguage\":\"de\",\"@id\":\"https:\/\/1edo.com\/kw\/product\/ta3703-pd65w-usb-c-to-usb-c-charging-set-for-eu\/#primaryimage\",\"url\":\"https:\/\/www.1edo.com\/wp-content\/uploads\/2026\/02\/TA3703-65W-EU-Green-New-1.webp\",\"contentUrl\":\"https:\/\/www.1edo.com\/wp-content\/uploads\/2026\/02\/TA3703-65W-EU-Green-New-1.webp\",\"width\":1200,\"height\":1200},{\"@type\":\"BreadcrumbList\",\"@id\":\"https:\/\/1edo.com\/kw\/product\/ta3703-pd65w-usb-c-to-usb-c-charging-set-for-eu\/#breadcrumb\",\"itemListElement\":[{\"@type\":\"ListItem\",\"position\":1,\"name\":\"Products\",\"item\":\"https:\/\/www.1edo.com\/za\/shop\/\"},{\"@type\":\"ListItem\",\"position\":2,\"name\":\"TA3703 PD65W USB-C To USB-C Charging set For EU\"}]},{\"@type\":\"WebSite\",\"@id\":\"https:\/\/www.1edo.com\/fr-ch\/#website\",\"url\":\"https:\/\/www.1edo.com\/fr-ch\/\",\"name\":\"1edo mall\",\"description\":\"1edo mall\",\"potentialAction\":[{\"@type\":\"SearchAction\",\"target\":{\"@type\":\"EntryPoint\",\"urlTemplate\":\"https:\/\/www.1edo.com\/fr-ch\/?s={search_term_string}\"},\"query-input\":{\"@type\":\"PropertyValueSpecification\",\"valueRequired\":true,\"valueName\":\"search_term_string\"}}],\"inLanguage\":\"de\"}]}<\/script>\n<!-- \/ Yoast SEO plugin. -->","yoast_head_json":{"title":"TA3703 PD65W USB-C-zu-USB-C-Ladeset f\u00fcr EU - 1edo mall","description":"TA3803","robots":{"index":"index","follow":"follow","max-snippet":"max-snippet:-1","max-image-preview":"max-image-preview:large","max-video-preview":"max-video-preview:-1"},"canonical":"https:\/\/1edo.com\/kw\/product\/ta3703-pd65w-usb-c-to-usb-c-charging-set-for-eu\/","og_locale":"de_DE","og_type":"article","og_title":"TA3703 PD65W USB-C To USB-C Charging set For EU - 1edo mall","og_description":"TA3803","og_url":"https:\/\/1edo.com\/kw\/product\/ta3703-pd65w-usb-c-to-usb-c-charging-set-for-eu\/","og_site_name":"1edo mall","article_modified_time":"2026-04-01T02:28:13+00:00","og_image":[{"width":1200,"height":1200,"url":"https:\/\/1edo.com\/wp-content\/uploads\/2026\/02\/TA3703-65W-EU-Green-New-1.webp","type":"image\/webp"}],"twitter_card":"summary_large_image","twitter_misc":{"Gesch\u00e4tzte Lesezeit":"3\u00a0Minuten"},"schema":{"@context":"https:\/\/schema.org","@graph":[{"@type":"WebPage","@id":"https:\/\/1edo.com\/kw\/product\/ta3703-pd65w-usb-c-to-usb-c-charging-set-for-eu\/","url":"https:\/\/1edo.com\/kw\/product\/ta3703-pd65w-usb-c-to-usb-c-charging-set-for-eu\/","name":"TA3703 PD65W USB-C-zu-USB-C-Ladeset f\u00fcr EU - 1edo mall","isPartOf":{"@id":"https:\/\/www.1edo.com\/fr-ch\/#website"},"primaryImageOfPage":{"@id":"https:\/\/1edo.com\/kw\/product\/ta3703-pd65w-usb-c-to-usb-c-charging-set-for-eu\/#primaryimage"},"image":{"@id":"https:\/\/1edo.com\/kw\/product\/ta3703-pd65w-usb-c-to-usb-c-charging-set-for-eu\/#primaryimage"},"thumbnailUrl":"https:\/\/www.1edo.com\/wp-content\/uploads\/2026\/02\/TA3703-65W-EU-Green-New-1.webp","datePublished":"2026-02-12T01:48:10+00:00","dateModified":"2026-04-01T02:28:13+00:00","description":"TA3803","breadcrumb":{"@id":"https:\/\/1edo.com\/kw\/product\/ta3703-pd65w-usb-c-to-usb-c-charging-set-for-eu\/#breadcrumb"},"inLanguage":"de","potentialAction":[{"@type":"ReadAction","target":["https:\/\/1edo.com\/kw\/product\/ta3703-pd65w-usb-c-to-usb-c-charging-set-for-eu\/"]}]},{"@type":"ImageObject","inLanguage":"de","@id":"https:\/\/1edo.com\/kw\/product\/ta3703-pd65w-usb-c-to-usb-c-charging-set-for-eu\/#primaryimage","url":"https:\/\/www.1edo.com\/wp-content\/uploads\/2026\/02\/TA3703-65W-EU-Green-New-1.webp","contentUrl":"https:\/\/www.1edo.com\/wp-content\/uploads\/2026\/02\/TA3703-65W-EU-Green-New-1.webp","width":1200,"height":1200},{"@type":"BreadcrumbList","@id":"https:\/\/1edo.com\/kw\/product\/ta3703-pd65w-usb-c-to-usb-c-charging-set-for-eu\/#breadcrumb","itemListElement":[{"@type":"ListItem","position":1,"name":"Products","item":"https:\/\/www.1edo.com\/za\/shop\/"},{"@type":"ListItem","position":2,"name":"TA3703 PD65W USB-C To USB-C Charging set For EU"}]},{"@type":"WebSite","@id":"https:\/\/www.1edo.com\/fr-ch\/#website","url":"https:\/\/www.1edo.com\/fr-ch\/","name":"1edo Einkaufszentrum","description":"1edo Einkaufszentrum","potentialAction":[{"@type":"SearchAction","target":{"@type":"EntryPoint","urlTemplate":"https:\/\/www.1edo.com\/fr-ch\/?s={search_term_string}"},"query-input":{"@type":"PropertyValueSpecification","valueRequired":true,"valueName":"search_term_string"}}],"inLanguage":"de"}]}},"_links":{"self":[{"href":"https:\/\/www.1edo.com\/de\/wp-json\/wp\/v2\/product\/18264","targetHints":{"allow":["GET"]}}],"collection":[{"href":"https:\/\/www.1edo.com\/de\/wp-json\/wp\/v2\/product"}],"about":[{"href":"https:\/\/www.1edo.com\/de\/wp-json\/wp\/v2\/types\/product"}],"replies":[{"embeddable":true,"href":"https:\/\/www.1edo.com\/de\/wp-json\/wp\/v2\/comments?post=18264"}],"version-history":[{"count":0,"href":"https:\/\/www.1edo.com\/de\/wp-json\/wp\/v2\/product\/18264\/revisions"}],"wp:featuredmedia":[{"embeddable":true,"href":"https:\/\/www.1edo.com\/de\/wp-json\/wp\/v2\/media\/17934"}],"wp:attachment":[{"href":"https:\/\/www.1edo.com\/de\/wp-json\/wp\/v2\/media?parent=18264"}],"wp:term":[{"taxonomy":"product_brand","embeddable":true,"href":"https:\/\/www.1edo.com\/de\/wp-json\/wp\/v2\/product_brand?post=18264"},{"taxonomy":"product_cat","embeddable":true,"href":"https:\/\/www.1edo.com\/de\/wp-json\/wp\/v2\/product_cat?post=18264"},{"taxonomy":"product_tag","embeddable":true,"href":"https:\/\/www.1edo.com\/de\/wp-json\/wp\/v2\/product_tag?post=18264"}],"curies":[{"name":"wp","href":"https:\/\/api.w.org\/{rel}","templated":true}]}}