{"id":18274,"date":"2026-02-12T02:08:52","date_gmt":"2026-02-12T02:08:52","guid":{"rendered":"https:\/\/hk.1edo.com\/?post_type=product&#038;p=18274"},"modified":"2026-04-01T02:26:11","modified_gmt":"2026-04-01T02:26:11","slug":"ta3802-pd65w-magnetic-to-usb-c-charging-set-for-eu","status":"publish","type":"product","link":"https:\/\/www.1edo.com\/fi\/product\/ta3802-pd65w-magnetic-to-usb-c-charging-set-for-eu\/","title":{"rendered":"TA3802 PD65W Magnetic To USB-C Charging set For EU"},"content":{"rendered":"<table width=\"1080\">\n<tbody>\n<tr>\n<td width=\"192\">Malli<\/td>\n<td width=\"888\"><span style=\"vertical-align: inherit;\"><span style=\"vertical-align: inherit;\"><span style=\"vertical-align: inherit;\"><span style=\"vertical-align: inherit;\"><span style=\"vertical-align: inherit;\"><span style=\"vertical-align: inherit;\"><span style=\"vertical-align: inherit;\">TA3802.EU<\/span><\/span><\/span><\/span><\/span><\/span><\/span><\/td>\n<\/tr>\n<tr>\n<td>V\u00e4ri<\/td>\n<td><span style=\"vertical-align: inherit;\"><span style=\"vertical-align: inherit;\">Punainen\/Valkoinen\/Vihre\u00e4\/Violetti<\/span><\/span><\/td>\n<\/tr>\n<tr>\n<td>Voima<\/td>\n<td><span style=\"vertical-align: inherit;\"><span style=\"vertical-align: inherit;\"><span style=\"vertical-align: inherit;\">65,0 W<\/span><\/span><\/span><\/td>\n<\/tr>\n<tr>\n<td>Sy\u00f6tt\u00f6<\/td>\n<td><span style=\"vertical-align: inherit;\"><span style=\"vertical-align: inherit;\"><span style=\"vertical-align: inherit;\"><span style=\"vertical-align: inherit;\"><span style=\"vertical-align: inherit;\">100V~240V 50\/60Hz 2,25A (maks.)<\/span><\/span><\/span><\/span><\/span><\/td>\n<\/tr>\n<tr>\n<td>L\u00e4ht\u00f6<\/td>\n<td width=\"888\">(USB-C, PDO) 5,0 V\u2393 3,0 A, 9,0 V\u2393 3,0 A, 12,0 V\u2393 3,0 A, 15,0 V\u2393 3,0 A, 20,0 V\u23933,0 A (enint\u00e4\u00e4n 65,0 W) (USB-C, PPS) 3,3\u201321,0 V\u23933,0 A (enint\u00e4\u00e4n 65,0 W)<\/td>\n<\/tr>\n<tr>\n<td>Nopea latausprotokolla<\/td>\n<td><span style=\"vertical-align: inherit;\"><span style=\"vertical-align: inherit;\">BC1.2 \/ APPLE 2.4A \/ SAMSUNG 2A QC3.0 \/ QC2.0 \/ PD3.0 \/ PD2.0 \/ AFC \/ FCP \/ SCP \/ PE2.0 \/ PE1.1 \/ SFCP<\/span><\/span><\/td>\n<\/tr>\n<tr>\n<td>Turvallisuusstandardit<\/td>\n<td><span style=\"vertical-align: inherit;\"><span style=\"vertical-align: inherit;\"><span style=\"vertical-align: inherit;\"><span style=\"vertical-align: inherit;\"><span style=\"vertical-align: inherit;\"><span style=\"vertical-align: inherit;\"><span style=\"vertical-align: inherit;\">EN 62368-1:2014 \/ A11:2017 IEC 62368-1:2014 \/ A11:2017 UL 62368-1:2014<\/span><\/span><\/span><\/span><\/span><\/span><\/span><\/td>\n<\/tr>\n<tr>\n<td>Tuotteen koko<\/td>\n<td><span style=\"vertical-align: inherit;\"><span style=\"vertical-align: inherit;\">106,50 x 42 x 42 mm<\/span><\/span><\/td>\n<\/tr>\n<tr>\n<td>V\u00e4hitt\u00e4ismyyntipakkaukset<\/td>\n<td>L\u00e4pipainopakkaus + v\u00e4rillinen laatikko + ulkopakkaus<\/td>\n<\/tr>\n<\/tbody>\n<\/table>","protected":false},"excerpt":{"rendered":"<p><img decoding=\"async\" class=\"alignnone size-full wp-image-9312\" src=\"\/wp-content\/uploads\/product_info_imgs\/product01.png\" alt=\"\" width=\"15\" height=\"15\" \/>\u00a0 Uuden, eritt\u00e4in integroidun ratkaisun ansiosta se saavuttaa paremman tehokkuuden.<br \/>\n<img decoding=\"async\" class=\"alignnone size-full wp-image-9312\" src=\"\/wp-content\/uploads\/product_info_imgs\/product01.png\" alt=\"\" width=\"15\" height=\"15\" \/>\u00a0 Py\u00f6re\u00e4 muotoilu, jolla on vahva laatu ja yksil\u00f6llisyys.<br \/>\n<img decoding=\"async\" class=\"alignnone size-full wp-image-9312\" src=\"\/wp-content\/uploads\/product_info_imgs\/product01.png\" alt=\"\" width=\"15\" height=\"15\" \/>\u00a0 Nelj\u00e4 ydinteknologiakerrosta takaa tiukan latausturvallisuuden.<br \/>\n<img decoding=\"async\" class=\"alignnone size-full wp-image-9312\" src=\"\/wp-content\/uploads\/product_info_imgs\/product01.png\" alt=\"\" width=\"15\" height=\"15\" \/>\u00a0 Maailman ensimm\u00e4inen h\u00e4vi\u00f6t\u00f6n latausratkaisu, jolla on maailmanlaajuinen patenttisuoja.<br \/>\n<img decoding=\"async\" class=\"alignnone size-full wp-image-9312\" src=\"\/wp-content\/uploads\/product_info_imgs\/product01.png\" alt=\"\" width=\"15\" height=\"15\" \/>\u00a0 Ensiluokkainen pehme\u00e4 silikonipinta, joka on ihoyst\u00e4v\u00e4llinen, kulutusta kest\u00e4v\u00e4 ja tehty kest\u00e4m\u00e4\u00e4n.<br \/>\n<img decoding=\"async\" class=\"alignnone size-full wp-image-9312\" src=\"\/wp-content\/uploads\/product_info_imgs\/product01.png\" alt=\"\" width=\"15\" height=\"15\" \/>\u00a0 Pieni ja kannettava muotoilu, halkaisija vain 42 mm.<\/p>","protected":false},"featured_media":18059,"comment_status":"open","ping_status":"closed","template":"","meta":[],"product_brand":[],"product_cat":[122,121,155,165,123],"product_tag":[242],"class_list":{"0":"post-18274","1":"product","2":"type-product","3":"status-publish","4":"has-post-thumbnail","6":"product_cat-chargers","7":"product_cat-products","8":"product_cat-salet","9":"product_cat-ta3802","10":"product_cat-travel-chargers","11":"product_tag-65w","12":"pa_power-65w","14":"first","15":"instock","16":"taxable","17":"shipping-taxable","18":"purchasable","19":"product-type-variable","20":"has-default-attributes"},"_links":{"self":[{"href":"https:\/\/www.1edo.com\/fi\/wp-json\/wp\/v2\/product\/18274","targetHints":{"allow":["GET"]}}],"collection":[{"href":"https:\/\/www.1edo.com\/fi\/wp-json\/wp\/v2\/product"}],"about":[{"href":"https:\/\/www.1edo.com\/fi\/wp-json\/wp\/v2\/types\/product"}],"replies":[{"embeddable":true,"href":"https:\/\/www.1edo.com\/fi\/wp-json\/wp\/v2\/comments?post=18274"}],"version-history":[{"count":0,"href":"https:\/\/www.1edo.com\/fi\/wp-json\/wp\/v2\/product\/18274\/revisions"}],"wp:featuredmedia":[{"embeddable":true,"href":"https:\/\/www.1edo.com\/fi\/wp-json\/wp\/v2\/media\/18059"}],"wp:attachment":[{"href":"https:\/\/www.1edo.com\/fi\/wp-json\/wp\/v2\/media?parent=18274"}],"wp:term":[{"taxonomy":"product_brand","embeddable":true,"href":"https:\/\/www.1edo.com\/fi\/wp-json\/wp\/v2\/product_brand?post=18274"},{"taxonomy":"product_cat","embeddable":true,"href":"https:\/\/www.1edo.com\/fi\/wp-json\/wp\/v2\/product_cat?post=18274"},{"taxonomy":"product_tag","embeddable":true,"href":"https:\/\/www.1edo.com\/fi\/wp-json\/wp\/v2\/product_tag?post=18274"}],"curies":[{"name":"wp","href":"https:\/\/api.w.org\/{rel}","templated":true}]}}