{"id":18439,"date":"2026-02-12T05:55:17","date_gmt":"2026-02-12T05:55:17","guid":{"rendered":"https:\/\/hk.1edo.com\/?post_type=product&#038;p=18439"},"modified":"2026-04-01T01:55:32","modified_gmt":"2026-04-01T01:55:32","slug":"hcd-0501-usb-c-to-usb-c-cable-red-white-green-purple-3a-1800mm","status":"publish","type":"product","link":"https:\/\/www.1edo.com\/fi\/product\/hcd-0501-usb-c-to-usb-c-cable-red-white-green-purple-3a-1800mm\/","title":{"rendered":"HCD-0501 USB-C-USB-C-kaapeli Punainen\/Valkoinen\/Vihre\u00e4\/Violetti 3A-1800MM"},"content":{"rendered":"<table width=\"1080\">\n<tbody>\n<tr>\n<td width=\"192\">Malli<\/td>\n<td width=\"888\">HCD-0501R\/HCD-0501W\/HCD-0501G\/HCD-0501P<\/td>\n<\/tr>\n<tr>\n<td>V\u00e4ri<\/td>\n<td><span style=\"vertical-align: inherit;\"><span style=\"vertical-align: inherit;\">Punainen\/Valkoinen\/Vihre\u00e4\/Violetti<\/span><\/span><\/td>\n<\/tr>\n<tr>\n<td>K\u00e4ytt\u00f6liittym\u00e4<\/td>\n<td><span style=\"vertical-align: inherit;\"><span style=\"vertical-align: inherit;\"><span style=\"vertical-align: inherit;\">Magneettinen USB-C-liit\u00e4nt\u00e4\u00e4n<\/span><\/span><\/span><\/td>\n<\/tr>\n<tr>\n<td>Nykyinen<\/td>\n<td><span style=\"vertical-align: inherit;\">3A<\/span><\/td>\n<\/tr>\n<tr>\n<td>Kaapelin pituus<\/td>\n<td width=\"888\">1,8 miljoonaa<\/td>\n<\/tr>\n<tr>\n<td>Materiaali<\/td>\n<td>Nylon punottu<\/td>\n<\/tr>\n<\/tbody>\n<\/table>","protected":false},"excerpt":{"rendered":"<p><img decoding=\"async\" class=\"alignnone size-full wp-image-9312\" src=\"\/wp-content\/uploads\/product_info_imgs\/product01.png\" alt=\"\" width=\"15\" height=\"15\" \/>\u00a0 Punottu verkkokaapeli, vahva ja joustava.<br \/>\n<img decoding=\"async\" class=\"alignnone size-full wp-image-9312\" src=\"\/wp-content\/uploads\/product_info_imgs\/product01.png\" alt=\"\" width=\"15\" height=\"15\" \/>\u00a0 Pikalataus + datan synkronointi.<br \/>\n<img decoding=\"async\" class=\"alignnone size-full wp-image-9312\" src=\"\/wp-content\/uploads\/product_info_imgs\/product01.png\" alt=\"\" width=\"15\" height=\"15\" \/>\u00a0 Sis\u00e4\u00e4nrakennettu \u00e4lyk\u00e4s siru.<br \/>\n<img decoding=\"async\" class=\"alignnone size-full wp-image-9312\" src=\"\/wp-content\/uploads\/product_info_imgs\/product01.png\" alt=\"\" width=\"15\" height=\"15\" \/>\u00a0 Vahvistetut liittimet.<br \/>\n<img decoding=\"async\" class=\"alignnone size-full wp-image-9312\" src=\"\/wp-content\/uploads\/product_info_imgs\/product01.png\" alt=\"\" width=\"15\" height=\"15\" \/>\u00a0 Yli 12 000 taivutuksen k\u00e4ytt\u00f6ik\u00e4.<br \/>\n<img decoding=\"async\" class=\"alignnone size-full wp-image-9312\" src=\"\/wp-content\/uploads\/product_info_imgs\/product01.png\" alt=\"\" width=\"15\" height=\"15\" \/>\u00a0 Suuritehoinen, eritt\u00e4in nopea lataus.<\/p>","protected":false},"featured_media":18313,"comment_status":"open","ping_status":"closed","template":"","meta":[],"product_brand":[],"product_cat":[540,539,121,543],"product_tag":[549],"class_list":{"0":"post-18439","1":"product","2":"type-product","3":"status-publish","4":"has-post-thumbnail","6":"product_cat-3a1-8m","7":"product_cat-cable","8":"product_cat-products","9":"product_cat-usb-c-to-usb-c","10":"product_tag-usb-c-cable","12":"first","13":"instock","14":"taxable","15":"shipping-taxable","16":"purchasable","17":"product-type-variable","18":"has-default-attributes"},"_links":{"self":[{"href":"https:\/\/www.1edo.com\/fi\/wp-json\/wp\/v2\/product\/18439","targetHints":{"allow":["GET"]}}],"collection":[{"href":"https:\/\/www.1edo.com\/fi\/wp-json\/wp\/v2\/product"}],"about":[{"href":"https:\/\/www.1edo.com\/fi\/wp-json\/wp\/v2\/types\/product"}],"replies":[{"embeddable":true,"href":"https:\/\/www.1edo.com\/fi\/wp-json\/wp\/v2\/comments?post=18439"}],"version-history":[{"count":0,"href":"https:\/\/www.1edo.com\/fi\/wp-json\/wp\/v2\/product\/18439\/revisions"}],"wp:featuredmedia":[{"embeddable":true,"href":"https:\/\/www.1edo.com\/fi\/wp-json\/wp\/v2\/media\/18313"}],"wp:attachment":[{"href":"https:\/\/www.1edo.com\/fi\/wp-json\/wp\/v2\/media?parent=18439"}],"wp:term":[{"taxonomy":"product_brand","embeddable":true,"href":"https:\/\/www.1edo.com\/fi\/wp-json\/wp\/v2\/product_brand?post=18439"},{"taxonomy":"product_cat","embeddable":true,"href":"https:\/\/www.1edo.com\/fi\/wp-json\/wp\/v2\/product_cat?post=18439"},{"taxonomy":"product_tag","embeddable":true,"href":"https:\/\/www.1edo.com\/fi\/wp-json\/wp\/v2\/product_tag?post=18439"}],"curies":[{"name":"wp","href":"https:\/\/api.w.org\/{rel}","templated":true}]}}