



{"id":18454,"date":"2026-02-12T06:11:18","date_gmt":"2026-02-12T06:11:18","guid":{"rendered":"https:\/\/hk.1edo.com\/?post_type=product&#038;p=18454"},"modified":"2026-04-03T00:36:42","modified_gmt":"2026-04-03T00:36:42","slug":"ldl0701-usb-c-to-lightning-cable-red-white-green-purple-3a-1m","status":"publish","type":"product","link":"https:\/\/www.1edo.com\/fi\/product\/ldl0701-usb-c-to-lightning-cable-red-white-green-purple-3a-1m\/","title":{"rendered":"LDL0701 USB-C-Lightning-kaapeli 3A-1M"},"content":{"rendered":"<table width=\"1080\">\n<tbody>\n<tr>\n<td width=\"192\">Malli<\/td>\n<td width=\"888\">LDL0701<\/td>\n<\/tr>\n<tr>\n<td>V\u00e4ri<\/td>\n<td><span style=\"vertical-align: inherit;\"><span style=\"vertical-align: inherit;\">Valkoinen<\/span><\/span><\/td>\n<\/tr>\n<tr>\n<td>K\u00e4ytt\u00f6liittym\u00e4<\/td>\n<td><span style=\"vertical-align: inherit;\"><span style=\"vertical-align: inherit;\"><span style=\"vertical-align: inherit;\">USB-C-Lightning-liit\u00e4nt\u00e4<\/span><\/span><\/span><\/td>\n<\/tr>\n<tr>\n<td>Nykyinen<\/td>\n<td><span style=\"vertical-align: inherit;\">3A<\/span><\/td>\n<\/tr>\n<tr>\n<td>Kaapelin pituus<\/td>\n<td width=\"888\">1 miljoonaa<\/td>\n<\/tr>\n<tr>\n<td>Materiaali<\/td>\n<td>Nylon punottu<\/td>\n<\/tr>\n<\/tbody>\n<\/table>","protected":false},"excerpt":{"rendered":"<p><img decoding=\"async\" class=\"alignnone size-full wp-image-9312\" src=\"\/wp-content\/uploads\/product_info_imgs\/product01.png\" alt=\"\" width=\"15\" height=\"15\" \/>\u00a0 Punottu verkkokaapeli, vahva ja joustava.<br \/>\n<img decoding=\"async\" class=\"alignnone size-full wp-image-9312\" src=\"\/wp-content\/uploads\/product_info_imgs\/product01.png\" alt=\"\" width=\"15\" height=\"15\" \/>\u00a0 Pikalataus + datan synkronointi.<br \/>\n<img decoding=\"async\" class=\"alignnone size-full wp-image-9312\" src=\"\/wp-content\/uploads\/product_info_imgs\/product01.png\" alt=\"\" width=\"15\" height=\"15\" \/>\u00a0 Sis\u00e4\u00e4nrakennettu \u00e4lyk\u00e4s siru.<br \/>\n<img decoding=\"async\" class=\"alignnone size-full wp-image-9312\" src=\"\/wp-content\/uploads\/product_info_imgs\/product01.png\" alt=\"\" width=\"15\" height=\"15\" \/>\u00a0 Vahvistetut liittimet.<br \/>\n<img decoding=\"async\" class=\"alignnone size-full wp-image-9312\" src=\"\/wp-content\/uploads\/product_info_imgs\/product01.png\" alt=\"\" width=\"15\" height=\"15\" \/>\u00a0 Yli 12 000 taivutuksen k\u00e4ytt\u00f6ik\u00e4.<br \/>\n<img decoding=\"async\" class=\"alignnone size-full wp-image-9312\" src=\"\/wp-content\/uploads\/product_info_imgs\/product01.png\" alt=\"\" width=\"15\" height=\"15\" \/>\u00a0 Suuritehoinen, eritt\u00e4in nopea lataus.<\/p>","protected":false},"featured_media":17780,"comment_status":"open","ping_status":"closed","template":"","meta":{"_acf_changed":false},"product_brand":[],"product_cat":[539,550,121],"product_tag":[548],"class_list":{"0":"post-18454","1":"product","2":"type-product","3":"status-publish","4":"has-post-thumbnail","6":"product_cat-cable","7":"product_cat-3a1m","8":"product_cat-products","9":"product_tag-lightning-cable","11":"first","12":"instock","13":"taxable","14":"shipping-taxable","15":"purchasable","16":"product-type-variable","17":"has-default-attributes","18":"wvs-archive-product-wrapper"},"acf":[],"yoast_head":"<!-- This site is optimized with the Yoast SEO plugin v26.7 - https:\/\/yoast.com\/wordpress\/plugins\/seo\/ -->\n<title>LDL0701 USB-C-to-Lightning Cable 3A-1M - 1edo mall<\/title>\n<meta name=\"description\" content=\"TA3803\" \/>\n<meta name=\"robots\" content=\"index, follow, max-snippet:-1, max-image-preview:large, max-video-preview:-1\" \/>\n<link rel=\"canonical\" href=\"https:\/\/1edo.com\/nl\/product\/ldl0701-usb-c-naar-lightning-kabel-rood-wit-groen-paars-3a-1m\/\" \/>\n<meta property=\"og:locale\" content=\"fi_FI\" \/>\n<meta property=\"og:type\" content=\"article\" \/>\n<meta property=\"og:title\" content=\"LDL0701 USB-C-to-Lightning Cable 3A-1M - 1edo mall\" \/>\n<meta property=\"og:description\" content=\"TA3803\" \/>\n<meta property=\"og:url\" content=\"https:\/\/1edo.com\/nl\/product\/ldl0701-usb-c-naar-lightning-kabel-rood-wit-groen-paars-3a-1m\/\" \/>\n<meta property=\"og:site_name\" content=\"1edo mall\" \/>\n<meta property=\"article:modified_time\" content=\"2026-04-03T00:36:42+00:00\" \/>\n<meta property=\"og:image\" content=\"https:\/\/1edo.com\/wp-content\/uploads\/2026\/02\/3A-Lightning-USB-C-LDL0701.webp\" \/>\n\t<meta property=\"og:image:width\" content=\"1500\" \/>\n\t<meta property=\"og:image:height\" content=\"1500\" \/>\n\t<meta property=\"og:image:type\" content=\"image\/webp\" \/>\n<meta name=\"twitter:card\" content=\"summary_large_image\" \/>\n<meta name=\"twitter:label1\" content=\"Est. reading time\" \/>\n\t<meta name=\"twitter:data1\" content=\"1 minute\" \/>\n<script type=\"application\/ld+json\" class=\"yoast-schema-graph\">{\"@context\":\"https:\/\/schema.org\",\"@graph\":[{\"@type\":\"WebPage\",\"@id\":\"https:\/\/1edo.com\/nl\/product\/ldl0701-usb-c-naar-lightning-kabel-rood-wit-groen-paars-3a-1m\/\",\"url\":\"https:\/\/1edo.com\/nl\/product\/ldl0701-usb-c-naar-lightning-kabel-rood-wit-groen-paars-3a-1m\/\",\"name\":\"LDL0701 USB-C-to-Lightning Cable 3A-1M - 1edo mall\",\"isPartOf\":{\"@id\":\"https:\/\/www.1edo.com\/fr-ch\/#website\"},\"primaryImageOfPage\":{\"@id\":\"https:\/\/1edo.com\/nl\/product\/ldl0701-usb-c-naar-lightning-kabel-rood-wit-groen-paars-3a-1m\/#primaryimage\"},\"image\":{\"@id\":\"https:\/\/1edo.com\/nl\/product\/ldl0701-usb-c-naar-lightning-kabel-rood-wit-groen-paars-3a-1m\/#primaryimage\"},\"thumbnailUrl\":\"https:\/\/www.1edo.com\/wp-content\/uploads\/2026\/02\/3A-Lightning-USB-C-LDL0701.webp\",\"datePublished\":\"2026-02-12T06:11:18+00:00\",\"dateModified\":\"2026-04-03T00:36:42+00:00\",\"description\":\"TA3803\",\"breadcrumb\":{\"@id\":\"https:\/\/1edo.com\/nl\/product\/ldl0701-usb-c-naar-lightning-kabel-rood-wit-groen-paars-3a-1m\/#breadcrumb\"},\"inLanguage\":\"fi-FI\",\"potentialAction\":[{\"@type\":\"ReadAction\",\"target\":[\"https:\/\/1edo.com\/nl\/product\/ldl0701-usb-c-naar-lightning-kabel-rood-wit-groen-paars-3a-1m\/\"]}]},{\"@type\":\"ImageObject\",\"inLanguage\":\"fi-FI\",\"@id\":\"https:\/\/1edo.com\/nl\/product\/ldl0701-usb-c-naar-lightning-kabel-rood-wit-groen-paars-3a-1m\/#primaryimage\",\"url\":\"https:\/\/www.1edo.com\/wp-content\/uploads\/2026\/02\/3A-Lightning-USB-C-LDL0701.webp\",\"contentUrl\":\"https:\/\/www.1edo.com\/wp-content\/uploads\/2026\/02\/3A-Lightning-USB-C-LDL0701.webp\",\"width\":1500,\"height\":1500},{\"@type\":\"BreadcrumbList\",\"@id\":\"https:\/\/1edo.com\/nl\/product\/ldl0701-usb-c-naar-lightning-kabel-rood-wit-groen-paars-3a-1m\/#breadcrumb\",\"itemListElement\":[{\"@type\":\"ListItem\",\"position\":1,\"name\":\"Products\",\"item\":\"https:\/\/www.1edo.com\/za\/shop\/\"},{\"@type\":\"ListItem\",\"position\":2,\"name\":\"LDL0701 USB-C-to-Lightning Cable 3A-1M\"}]},{\"@type\":\"WebSite\",\"@id\":\"https:\/\/www.1edo.com\/fr-ch\/#website\",\"url\":\"https:\/\/www.1edo.com\/fr-ch\/\",\"name\":\"1edo mall\",\"description\":\"1edo mall\",\"potentialAction\":[{\"@type\":\"SearchAction\",\"target\":{\"@type\":\"EntryPoint\",\"urlTemplate\":\"https:\/\/www.1edo.com\/fr-ch\/?s={search_term_string}\"},\"query-input\":{\"@type\":\"PropertyValueSpecification\",\"valueRequired\":true,\"valueName\":\"search_term_string\"}}],\"inLanguage\":\"fi-FI\"}]}<\/script>\n<!-- \/ Yoast SEO plugin. -->","yoast_head_json":{"title":"LDL0701 USB-C-to-Lightning Cable 3A-1M - 1edo mall","description":"TA3803","robots":{"index":"index","follow":"follow","max-snippet":"max-snippet:-1","max-image-preview":"max-image-preview:large","max-video-preview":"max-video-preview:-1"},"canonical":"https:\/\/1edo.com\/nl\/product\/ldl0701-usb-c-naar-lightning-kabel-rood-wit-groen-paars-3a-1m\/","og_locale":"fi_FI","og_type":"article","og_title":"LDL0701 USB-C-to-Lightning Cable 3A-1M - 1edo mall","og_description":"TA3803","og_url":"https:\/\/1edo.com\/nl\/product\/ldl0701-usb-c-naar-lightning-kabel-rood-wit-groen-paars-3a-1m\/","og_site_name":"1edo mall","article_modified_time":"2026-04-03T00:36:42+00:00","og_image":[{"width":1500,"height":1500,"url":"https:\/\/1edo.com\/wp-content\/uploads\/2026\/02\/3A-Lightning-USB-C-LDL0701.webp","type":"image\/webp"}],"twitter_card":"summary_large_image","twitter_misc":{"Est. reading time":"1 minute"},"schema":{"@context":"https:\/\/schema.org","@graph":[{"@type":"WebPage","@id":"https:\/\/1edo.com\/nl\/product\/ldl0701-usb-c-naar-lightning-kabel-rood-wit-groen-paars-3a-1m\/","url":"https:\/\/1edo.com\/nl\/product\/ldl0701-usb-c-naar-lightning-kabel-rood-wit-groen-paars-3a-1m\/","name":"LDL0701 USB-C-to-Lightning Cable 3A-1M - 1edo mall","isPartOf":{"@id":"https:\/\/www.1edo.com\/fr-ch\/#website"},"primaryImageOfPage":{"@id":"https:\/\/1edo.com\/nl\/product\/ldl0701-usb-c-naar-lightning-kabel-rood-wit-groen-paars-3a-1m\/#primaryimage"},"image":{"@id":"https:\/\/1edo.com\/nl\/product\/ldl0701-usb-c-naar-lightning-kabel-rood-wit-groen-paars-3a-1m\/#primaryimage"},"thumbnailUrl":"https:\/\/www.1edo.com\/wp-content\/uploads\/2026\/02\/3A-Lightning-USB-C-LDL0701.webp","datePublished":"2026-02-12T06:11:18+00:00","dateModified":"2026-04-03T00:36:42+00:00","description":"TA3803","breadcrumb":{"@id":"https:\/\/1edo.com\/nl\/product\/ldl0701-usb-c-naar-lightning-kabel-rood-wit-groen-paars-3a-1m\/#breadcrumb"},"inLanguage":"fi-FI","potentialAction":[{"@type":"ReadAction","target":["https:\/\/1edo.com\/nl\/product\/ldl0701-usb-c-naar-lightning-kabel-rood-wit-groen-paars-3a-1m\/"]}]},{"@type":"ImageObject","inLanguage":"fi-FI","@id":"https:\/\/1edo.com\/nl\/product\/ldl0701-usb-c-naar-lightning-kabel-rood-wit-groen-paars-3a-1m\/#primaryimage","url":"https:\/\/www.1edo.com\/wp-content\/uploads\/2026\/02\/3A-Lightning-USB-C-LDL0701.webp","contentUrl":"https:\/\/www.1edo.com\/wp-content\/uploads\/2026\/02\/3A-Lightning-USB-C-LDL0701.webp","width":1500,"height":1500},{"@type":"BreadcrumbList","@id":"https:\/\/1edo.com\/nl\/product\/ldl0701-usb-c-naar-lightning-kabel-rood-wit-groen-paars-3a-1m\/#breadcrumb","itemListElement":[{"@type":"ListItem","position":1,"name":"Products","item":"https:\/\/www.1edo.com\/za\/shop\/"},{"@type":"ListItem","position":2,"name":"LDL0701 USB-C-to-Lightning Cable 3A-1M"}]},{"@type":"WebSite","@id":"https:\/\/www.1edo.com\/fr-ch\/#website","url":"https:\/\/www.1edo.com\/fr-ch\/","name":"1edo-ostoskeskus","description":"1edo-ostoskeskus","potentialAction":[{"@type":"SearchAction","target":{"@type":"EntryPoint","urlTemplate":"https:\/\/www.1edo.com\/fr-ch\/?s={search_term_string}"},"query-input":{"@type":"PropertyValueSpecification","valueRequired":true,"valueName":"search_term_string"}}],"inLanguage":"fi-FI"}]}},"_links":{"self":[{"href":"https:\/\/www.1edo.com\/fi\/wp-json\/wp\/v2\/product\/18454","targetHints":{"allow":["GET"]}}],"collection":[{"href":"https:\/\/www.1edo.com\/fi\/wp-json\/wp\/v2\/product"}],"about":[{"href":"https:\/\/www.1edo.com\/fi\/wp-json\/wp\/v2\/types\/product"}],"replies":[{"embeddable":true,"href":"https:\/\/www.1edo.com\/fi\/wp-json\/wp\/v2\/comments?post=18454"}],"version-history":[{"count":0,"href":"https:\/\/www.1edo.com\/fi\/wp-json\/wp\/v2\/product\/18454\/revisions"}],"wp:featuredmedia":[{"embeddable":true,"href":"https:\/\/www.1edo.com\/fi\/wp-json\/wp\/v2\/media\/17780"}],"wp:attachment":[{"href":"https:\/\/www.1edo.com\/fi\/wp-json\/wp\/v2\/media?parent=18454"}],"wp:term":[{"taxonomy":"product_brand","embeddable":true,"href":"https:\/\/www.1edo.com\/fi\/wp-json\/wp\/v2\/product_brand?post=18454"},{"taxonomy":"product_cat","embeddable":true,"href":"https:\/\/www.1edo.com\/fi\/wp-json\/wp\/v2\/product_cat?post=18454"},{"taxonomy":"product_tag","embeddable":true,"href":"https:\/\/www.1edo.com\/fi\/wp-json\/wp\/v2\/product_tag?post=18454"}],"curies":[{"name":"wp","href":"https:\/\/api.w.org\/{rel}","templated":true}]}}