{"id":18550,"date":"2026-02-12T09:13:55","date_gmt":"2026-02-12T09:13:55","guid":{"rendered":"https:\/\/hk.1edo.com\/?post_type=product&#038;p=18550"},"modified":"2026-04-01T11:41:14","modified_gmt":"2026-04-01T11:41:14","slug":"ta1106-pd12w-usb-a-charging-for-kr","status":"publish","type":"product","link":"https:\/\/www.1edo.com\/fi\/product\/ta1106-pd12w-usb-a-charging-for-kr\/","title":{"rendered":"TA1106-PD12W-USB-A-latauslaite KR:lle"},"content":{"rendered":"<table width=\"1080\">\n<tbody>\n<tr>\n<td width=\"192\">Malli<\/td>\n<td width=\"888\"><span style=\"vertical-align: inherit;\"><span style=\"vertical-align: inherit;\"><span style=\"vertical-align: inherit;\"><span style=\"vertical-align: inherit;\"><span style=\"vertical-align: inherit;\"><span style=\"vertical-align: inherit;\"><span style=\"vertical-align: inherit;\">TA1106.KR<\/span><\/span><\/span><\/span><\/span><\/span><\/span><\/td>\n<\/tr>\n<tr>\n<td>V\u00e4ri<\/td>\n<td><span style=\"vertical-align: inherit;\"><span style=\"vertical-align: inherit;\">Valkoinen<\/span><\/span><\/td>\n<\/tr>\n<tr>\n<td>Voima<\/td>\n<td><span style=\"vertical-align: inherit;\"><span style=\"vertical-align: inherit;\"><span style=\"vertical-align: inherit;\">12,0 W<\/span><\/span><\/span><\/td>\n<\/tr>\n<tr>\n<td>Sy\u00f6tt\u00f6<\/td>\n<td><span style=\"vertical-align: inherit;\"><span style=\"vertical-align: inherit;\"><span style=\"vertical-align: inherit;\"><span style=\"vertical-align: inherit;\"><span style=\"vertical-align: inherit;\">100 V ~ 240 V \/ 0,45 A<\/span><\/span><\/span><\/span><\/span><\/td>\n<\/tr>\n<tr>\n<td>L\u00e4ht\u00f6<\/td>\n<td width=\"888\"><span style=\"vertical-align: inherit;\"><span style=\"vertical-align: inherit;\"><span style=\"vertical-align: inherit;\"><span style=\"vertical-align: inherit;\"><span style=\"vertical-align: inherit;\"><span style=\"vertical-align: inherit;\"><span style=\"vertical-align: inherit;\">5 V \u00d7 2,4 A<\/span><\/span><\/span><\/span><\/span><\/span><\/span><\/td>\n<\/tr>\n<tr>\n<td>Nopea latausprotokolla<\/td>\n<td><span style=\"vertical-align: inherit;\"><span style=\"vertical-align: inherit;\">BC1.2 \/ APPLE 2.4A \/ SAMSUNG 2A QC3.0 \/ QC2.0 \/ PD3.0 \/ PD2.0 \/ AFC \/ FCP \/ SCP \/ PE2.0 \/ PE1.1 \/ SFCP<\/span><\/span><\/td>\n<\/tr>\n<tr>\n<td>Turvallisuusstandardit<\/td>\n<td><span style=\"vertical-align: inherit;\"><span style=\"vertical-align: inherit;\"><span style=\"vertical-align: inherit;\"><span style=\"vertical-align: inherit;\"><span style=\"vertical-align: inherit;\"><span style=\"vertical-align: inherit;\"><span style=\"vertical-align: inherit;\">EN 62368-1:2014 \/ A11:2017 IEC 62368-1:2014 \/ A11:2017 UL 62368-1:2014<\/span><\/span><\/span><\/span><\/span><\/span><\/span><\/td>\n<\/tr>\n<tr>\n<td>Tuotteen koko<\/td>\n<td><span style=\"vertical-align: inherit;\"><span style=\"vertical-align: inherit;\">78,1 * 38,27 * 22,74 mm<\/span><\/span><\/td>\n<\/tr>\n<tr>\n<td>V\u00e4hitt\u00e4ismyyntipakkaukset<\/td>\n<td>L\u00e4pipainopakkaus + v\u00e4rillinen laatikko + ulkopakkaus<\/td>\n<\/tr>\n<\/tbody>\n<\/table>","protected":false},"excerpt":{"rendered":"<p><img decoding=\"async\" class=\"alignnone size-full wp-image-9312\" src=\"\/wp-content\/uploads\/product_info_imgs\/product01.png\" alt=\"\" width=\"15\" height=\"15\" \/>\u00a0 USB-C-pikalatausportti.<br \/>\n<img decoding=\"async\" class=\"alignnone size-full wp-image-9312\" src=\"\/wp-content\/uploads\/product_info_imgs\/product01.png\" alt=\"\" width=\"15\" height=\"15\" \/>\u00a0 Kompakti ja kannettava.<br \/>\n<img decoding=\"async\" class=\"alignnone size-full wp-image-9312\" src=\"\/wp-content\/uploads\/product_info_imgs\/product01.png\" alt=\"\" width=\"15\" height=\"15\" \/>\u00a0 \u00c4lyk\u00e4s siruteknologia.<br \/>\n<img decoding=\"async\" class=\"alignnone size-full wp-image-9312\" src=\"\/wp-content\/uploads\/product_info_imgs\/product01.png\" alt=\"\" width=\"15\" height=\"15\" \/>\u00a0 Ergonominen ja tilaa s\u00e4\u00e4st\u00e4v\u00e4 muotoilu.<br \/>\n<img decoding=\"async\" class=\"alignnone size-full wp-image-9312\" src=\"\/wp-content\/uploads\/product_info_imgs\/product01.png\" alt=\"\" width=\"15\" height=\"15\" \/>\u00a0 Sertifioituja premium-materiaaleja.<br \/>\n<img decoding=\"async\" class=\"alignnone size-full wp-image-9312\" src=\"\/wp-content\/uploads\/product_info_imgs\/product01.png\" alt=\"\" width=\"15\" height=\"15\" \/>\u00a0 Laaja yhteensopivuus.<\/p>","protected":false},"featured_media":17757,"comment_status":"open","ping_status":"closed","template":"","meta":[],"product_brand":[],"product_cat":[122,121,155,571,123],"product_tag":[576],"class_list":{"0":"post-18550","1":"product","2":"type-product","3":"status-publish","4":"has-post-thumbnail","6":"product_cat-chargers","7":"product_cat-products","8":"product_cat-salet","9":"product_cat-ta1106","10":"product_cat-travel-chargers","11":"product_tag-12w","12":"pa_power-12w","14":"first","15":"instock","16":"taxable","17":"shipping-taxable","18":"purchasable","19":"product-type-variable","20":"has-default-attributes"},"_links":{"self":[{"href":"https:\/\/www.1edo.com\/fi\/wp-json\/wp\/v2\/product\/18550","targetHints":{"allow":["GET"]}}],"collection":[{"href":"https:\/\/www.1edo.com\/fi\/wp-json\/wp\/v2\/product"}],"about":[{"href":"https:\/\/www.1edo.com\/fi\/wp-json\/wp\/v2\/types\/product"}],"replies":[{"embeddable":true,"href":"https:\/\/www.1edo.com\/fi\/wp-json\/wp\/v2\/comments?post=18550"}],"version-history":[{"count":0,"href":"https:\/\/www.1edo.com\/fi\/wp-json\/wp\/v2\/product\/18550\/revisions"}],"wp:featuredmedia":[{"embeddable":true,"href":"https:\/\/www.1edo.com\/fi\/wp-json\/wp\/v2\/media\/17757"}],"wp:attachment":[{"href":"https:\/\/www.1edo.com\/fi\/wp-json\/wp\/v2\/media?parent=18550"}],"wp:term":[{"taxonomy":"product_brand","embeddable":true,"href":"https:\/\/www.1edo.com\/fi\/wp-json\/wp\/v2\/product_brand?post=18550"},{"taxonomy":"product_cat","embeddable":true,"href":"https:\/\/www.1edo.com\/fi\/wp-json\/wp\/v2\/product_cat?post=18550"},{"taxonomy":"product_tag","embeddable":true,"href":"https:\/\/www.1edo.com\/fi\/wp-json\/wp\/v2\/product_tag?post=18550"}],"curies":[{"name":"wp","href":"https:\/\/api.w.org\/{rel}","templated":true}]}}