



{"id":2045,"date":"2023-09-22T09:50:39","date_gmt":"2023-09-22T09:50:39","guid":{"rendered":"https:\/\/www.1edo.com\/?page_id=2045"},"modified":"2026-01-13T11:18:26","modified_gmt":"2026-01-13T11:18:26","slug":"news","status":"publish","type":"page","link":"https:\/\/www.1edo.com\/hu\/about\/news-contnet\/news\/","title":{"rendered":"H\u00edr"},"content":{"rendered":"<div id='full_slider_1'  class='avia-fullwidth-slider main_color avia-shadow av-small-hide av-mini-hide  avia-builder-el-0  el_before_av_slideshow_full  avia-builder-el-first  nocti_bre_aboutus_mw  container_wrap sidebar_right'  >\n<style type=\"text\/css\" data-created_by=\"avia_inline_auto\" id=\"style-css-av-edivgd-f0ae0e47c4ec866d9a742ecc6854daea\">\n#top #wrap_all .avia-slideshow .av-slideshow-caption.av-edivgd-f0ae0e47c4ec866d9a742ecc6854daea__0 .avia-caption-title{\nfont-size:45px;\ncolor:#ffffff;\n}\n#top .avia-slideshow .av-slideshow-caption.av-edivgd-f0ae0e47c4ec866d9a742ecc6854daea__0 .avia-caption-content{\nfont-size:20px;\ncolor:#ffffff;\n}\n#top .avia-slideshow .av-slideshow-caption.av-edivgd-f0ae0e47c4ec866d9a742ecc6854daea__0 .avia-caption-content p{\nfont-size:20px;\n}\n<\/style>\n<div  class='avia-slideshow av-edivgd-f0ae0e47c4ec866d9a742ecc6854daea avia-slideshow-no scaling av_slideshow_full avia-slide-slider nocti_bre_aboutus_mw av-small-hide av-mini-hide av-slideshow-ui av-control-hidden av-no-slider-navigation av-hide-nav-arrows av-slideshow-manual av-loop-once av-loop-manual-endless av-default-height-applied   avia-slideshow-1' data-slideshow-options=\"{&quot;animation&quot;:&quot;slide&quot;,&quot;autoplay&quot;:false,&quot;loop_autoplay&quot;:&quot;once&quot;,&quot;interval&quot;:1,&quot;loop_manual&quot;:&quot;manual-endless&quot;,&quot;autoplay_stopper&quot;:false,&quot;noNavigation&quot;:true,&quot;bg_slider&quot;:false,&quot;transitionSpeed&quot;:100,&quot;keep_padding&quot;:false,&quot;hoverpause&quot;:false,&quot;show_slide_delay&quot;:0}\"  itemprop=\"image\" itemscope=\"itemscope\" itemtype=\"https:\/\/schema.org\/ImageObject\" ><ul class='avia-slideshow-inner ' style='padding-bottom: 32.291666666667%;'><li  class='avia-slideshow-slide av-edivgd-f0ae0e47c4ec866d9a742ecc6854daea__0  av-single-slide slide-1 slide-odd'><div data-rel='slideshow-1' class='avia-slide-wrap '   ><div class='av-slideshow-caption av-edivgd-f0ae0e47c4ec866d9a742ecc6854daea__0 caption_fullwidth caption_center caption_center_framed caption_framed'><div class=\"container caption_container\"><div class=\"slideshow_caption\"><div class=\"slideshow_inner_caption\"><div class=\"slideshow_align_caption\"><h1 class='avia-caption-title '  itemprop=\"name\" >NEWS CENTER title02<\/h1><div class='avia-caption-content av_inherit_color'  itemprop=\"description\" ><p>Industry Information \/ Product information Release \/ Important Notice<\/p>\n<\/div><\/div><\/div><\/div><\/div><\/div><img class=\"wp-image-1974 avia-img-lazy-loading-not-1974\"  src='https:\/\/www.1edo.com\/wp-content\/uploads\/2023\/09\/NEWS-CENTER-banner.jpg' width='1920' height='620' title='NEWS-CENTER-banner' alt=''  itemprop=\"thumbnailUrl\"   \/><\/div><\/li><\/ul><\/div><\/div>\n<div id='full_slider_2'  class='avia-fullwidth-slider main_color avia-shadow av-desktop-hide av-medium-hide  avia-builder-el-1  el_after_av_slideshow_full  el_before_av_section  nocti_bre_aboutus_mw  slider-not-first container_wrap sidebar_right'  >\n<style type=\"text\/css\" data-created_by=\"avia_inline_auto\" id=\"style-css-av-aen1zh-025682cb44282a7e8f560c965fb9c3ee\">\n#top #wrap_all .avia-slideshow .av-slideshow-caption.av-aen1zh-025682cb44282a7e8f560c965fb9c3ee__0 .avia-caption-title{\nfont-size:45px;\n}\n#top .avia-slideshow .av-slideshow-caption.av-aen1zh-025682cb44282a7e8f560c965fb9c3ee__0 .avia-caption-content{\nfont-size:20px;\n}\n#top .avia-slideshow .av-slideshow-caption.av-aen1zh-025682cb44282a7e8f560c965fb9c3ee__0 .avia-caption-content p{\nfont-size:20px;\n}\n<\/style>\n<div  class='avia-slideshow av-aen1zh-025682cb44282a7e8f560c965fb9c3ee avia-slideshow-no scaling av_slideshow_full avia-slide-slider nocti_bre_aboutus_mw av-desktop-hide av-medium-hide av-slideshow-ui av-control-hidden av-no-slider-navigation av-hide-nav-arrows av-slideshow-manual av-loop-once av-loop-manual-endless av-default-height-applied   avia-slideshow-2' data-slideshow-options=\"{&quot;animation&quot;:&quot;slide&quot;,&quot;autoplay&quot;:false,&quot;loop_autoplay&quot;:&quot;once&quot;,&quot;interval&quot;:1,&quot;loop_manual&quot;:&quot;manual-endless&quot;,&quot;autoplay_stopper&quot;:false,&quot;noNavigation&quot;:true,&quot;bg_slider&quot;:false,&quot;transitionSpeed&quot;:100,&quot;keep_padding&quot;:false,&quot;hoverpause&quot;:false,&quot;show_slide_delay&quot;:0}\"  itemprop=\"image\" itemscope=\"itemscope\" itemtype=\"https:\/\/schema.org\/ImageObject\" ><ul class='avia-slideshow-inner ' style='padding-bottom: 177.7058279371%;'><li  class='avia-slideshow-slide av-aen1zh-025682cb44282a7e8f560c965fb9c3ee__0  av-single-slide slide-1 slide-odd'><div data-rel='slideshow-2' class='avia-slide-wrap '   ><div class='av-slideshow-caption av-aen1zh-025682cb44282a7e8f560c965fb9c3ee__0 caption_fullwidth caption_center caption_center_framed caption_framed'><div class=\"container caption_container\"><div class=\"slideshow_caption\"><div class=\"slideshow_inner_caption\"><div class=\"slideshow_align_caption\"><h2 class='avia-caption-title '  itemprop=\"name\" >NEWS CENTER title<\/h2><div class='avia-caption-content '  itemprop=\"description\" ><p>Industry Information \/ Product information Release \/ Important Notice<\/p>\n<\/div><\/div><\/div><\/div><\/div><\/div><img class=\"wp-image-1975 avia-img-lazy-loading-not-1975\"  src='https:\/\/www.1edo.com\/wp-content\/uploads\/2023\/09\/4.8.NEWS-CENTER.jpg' width='1081' height='1921' title='4.8.NEWS-CENTER' alt=''  itemprop=\"thumbnailUrl\"   \/><\/div><\/li><\/ul><\/div><\/div>\n\n<style type=\"text\/css\" data-created_by=\"avia_inline_auto\" id=\"style-css-av-7y8m31-d52756ec20c38b79c70f8000c69fd6c3\">\n.avia-section.av-7y8m31-d52756ec20c38b79c70f8000c69fd6c3{\nbackground-color:#ffffff;\nbackground-image:unset;\n}\n<\/style>\n<div id='av_section_1'  class='avia-section av-7y8m31-d52756ec20c38b79c70f8000c69fd6c3 main_color avia-section-small avia-no-border-styling  avia-builder-el-2  el_after_av_slideshow_full  el_before_av_section  nocti_aboutus_mwen polly_bbbbdfv avia-bg-style-scroll container_wrap sidebar_right'  ><div class='container av-section-cont-open' ><div class='template-page content  av-content-small alpha units'><div class='post-entry post-entry-type-page post-entry-2045'><div class='entry-content-wrapper clearfix'>\n<div  class='avia-builder-widget-area clearfix  avia-builder-el-3  avia-builder-el-no-sibling '><div id=\"custom_html-3\" class=\"widget_text widget clearfix widget_custom_html\"><div class=\"textwidget custom-html-widget\"><div class=\"aboutus_html_leib\">\r\n    <ul>\r\n        <li><a href=\"https:\/\/www.1edo.com\/about\/about-us\/\">COMPANY PROFILE<\/a><\/li>\r\n        <li><a href=\"https:\/\/www.1edo.com\/about\/sustainable-development\/\">Sustainable Development<\/a><\/li>\r\n        <li class=\"xinwims\"><a href=\"https:\/\/www.1edo.com\/about\/news-contnet\/\">News Contnet<\/a><\/li>\r\n    <\/ul>\r\n<\/div>\r\n\r\n<script>\r\n;jQuery(document).ready(function($){if($(\".aboutus_html_leib\").length>0){const mwng=$(\".aboutus_html_leib li\");var a=window.location.href;for(let i=0;i<mwng.length;i++){if($(mwng[i]).children().attr('href')==a){$(mwng[i]).addClass('edactive');$(mwng[i]).siblings().removeClass('edactive')}}}});;\r\n<\/script><\/div><\/div><\/div>\n\n<\/div><\/div><\/div><!-- close content main div --><\/div><\/div><div id='av_section_2'  class='avia-section av-fkj1p-2840ac814ea7f1bc00348c154d8d5dce main_color avia-section-default avia-no-border-styling  avia-builder-el-4  el_after_av_section  avia-builder-el-last  avia-bg-style-scroll container_wrap sidebar_right'  ><div class='container av-section-cont-open' ><div class='template-page content  av-content-small alpha units'><div class='post-entry post-entry-type-page post-entry-2045'><div class='entry-content-wrapper clearfix'>\n\n<style type=\"text\/css\" data-created_by=\"avia_inline_auto\" id=\"style-css-av-2foz9p-804c612aeb12d4af70bcf8f7673bf571\">\n#top .flex_column.av-2foz9p-804c612aeb12d4af70bcf8f7673bf571{\nmargin-top:3%;\nmargin-bottom:3%;\n}\n.flex_column.av-2foz9p-804c612aeb12d4af70bcf8f7673bf571{\npadding:0% 0% 0% 0%;\n}\n.responsive #top #wrap_all .flex_column.av-2foz9p-804c612aeb12d4af70bcf8f7673bf571{\nmargin-top:3%;\nmargin-bottom:3%;\n}\n\n@media only screen and (max-width: 479px){ \n#top .flex_column.av-2foz9p-804c612aeb12d4af70bcf8f7673bf571{\nmargin-top:0%;\nmargin-bottom:0%;\n}\n.responsive #top #wrap_all .flex_column.av-2foz9p-804c612aeb12d4af70bcf8f7673bf571{\nmargin-top:0%;\nmargin-bottom:0%;\n}\n}\n<\/style>\n<div class='flex_column av-2foz9p-804c612aeb12d4af70bcf8f7673bf571 av_one_full  avia-builder-el-5  avia-builder-el-no-sibling  first flex_column_div av-animated-generic bottom-to-top av-zero-column-padding '     ><div  data-slideshow-options=\"{&quot;animation&quot;:&quot;fade&quot;,&quot;autoplay&quot;:false,&quot;loop_autoplay&quot;:&quot;once&quot;,&quot;interval&quot;:5,&quot;loop_manual&quot;:&quot;manual-endless&quot;,&quot;autoplay_stopper&quot;:false,&quot;noNavigation&quot;:false,&quot;show_slide_delay&quot;:90}\" class='avia-content-slider avia-content-grid-active avia-content-slider1 avia-content-slider-odd  avia-builder-el-6  avia-builder-el-no-sibling  polly_oiufg edrg_new_po av-slideshow-ui av-control-default   av-no-slider-navigation av-slideshow-manual av-loop-once av-loop-manual-endless '  itemscope=\"itemscope\" itemtype=\"https:\/\/schema.org\/Blog\" ><div class=\"avia-content-slider-inner\"><div class=\"slide-entry-wrap\"><article class='slide-entry flex_column  post-entry post-entry-17046 slide-entry-overview slide-loop-1 slide-parity-odd  post-entry-last  av_one_third first real-thumbnail post-format-standard'  itemscope=\"itemscope\" itemtype=\"https:\/\/schema.org\/CreativeWork\" ><a href='https:\/\/www.1edo.com\/hu\/news\/how-to-use-charger-better%ef%bc%9f\/' data-rel='slide-1' class='slide-image' title='how to use charger better\uff1f'><img fetchpriority=\"high\" decoding=\"async\" width=\"1000\" height=\"1000\" src=\"https:\/\/www.1edo.com\/wp-content\/uploads\/2026\/01\/TA3701-US-PD30W-Red.webp\" class=\"wp-image-15942 avia-img-lazy-loading-not-15942 attachment-no scaling size-no wvs-archive-product-image wp-post-image\" alt=\"\" \/><\/a><div class=\"slide-content\"><header class=\"entry-content-header\"><span class=\"blog-categories minor-meta\"><a href=\"https:\/\/www.1edo.com\/hu\/category\/news\/\" rel=\"tag\">News<\/a> <\/span><h6 class='slide-entry-title entry-title '  itemprop=\"headline\" ><a href='https:\/\/www.1edo.com\/hu\/news\/how-to-use-charger-better%ef%bc%9f\/' title='how to use charger better\uff1f'>how to use charger better\uff1f<\/a><\/h6><span class=\"av-vertical-delimiter\"><\/span><\/header><\/div><footer class=\"entry-footer\"><\/footer><span class='hidden'>\n\t\t\t\t<span class='av-structured-data'  itemprop=\"image\" itemscope=\"itemscope\" itemtype=\"https:\/\/schema.org\/ImageObject\" >\n\t\t\t\t\t\t<span itemprop='url'>https:\/\/www.1edo.com\/wp-content\/uploads\/2026\/01\/TA3701-US-PD30W-Red.webp<\/span>\n\t\t\t\t\t\t<span itemprop='height'>1000<\/span>\n\t\t\t\t\t\t<span itemprop='width'>1000<\/span>\n\t\t\t\t<\/span>\n\t\t\t\t<span class='av-structured-data'  itemprop=\"publisher\" itemtype=\"https:\/\/schema.org\/Organization\" itemscope=\"itemscope\" >\n\t\t\t\t\t\t<span itemprop='name'>1edo zhc<\/span>\n\t\t\t\t\t\t<span itemprop='logo' itemscope itemtype='https:\/\/schema.org\/ImageObject'>\n\t\t\t\t\t\t\t<span itemprop='url'>\/wp-content\/uploads\/2023\/08\/logo.png<\/span>\n\t\t\t\t\t\t<\/span>\n\t\t\t\t<\/span><span class='av-structured-data'  itemprop=\"author\" itemscope=\"itemscope\" itemtype=\"https:\/\/schema.org\/Person\" ><span itemprop='name'>1edo zhc<\/span><\/span><span class='av-structured-data'  itemprop=\"datePublished\" datetime=\"2023-09-22T09:50:39+00:00\" >2026-01-29 03:54:34<\/span><span class='av-structured-data'  itemprop=\"dateModified\" itemtype=\"https:\/\/schema.org\/dateModified\" >2026-02-09 06:34:13<\/span><span class='av-structured-data'  itemprop=\"mainEntityOfPage\" itemtype=\"https:\/\/schema.org\/mainEntityOfPage\" ><span itemprop='name'>how to use charger better\uff1f<\/span><\/span><\/span><\/article><\/div><\/div><\/div><\/div>\n<\/div><\/div><\/div><!-- close content main div --><\/div><\/div><div id='after_section_2'  class='main_color av_default_container_wrap container_wrap sidebar_right'  ><div class='container av-section-cont-open' ><div class='template-page content  av-content-small alpha units'><div class='post-entry post-entry-type-page post-entry-2045'><div class='entry-content-wrapper clearfix'>\n","protected":false},"excerpt":{"rendered":"","protected":false},"author":1,"featured_media":0,"parent":1973,"menu_order":53,"comment_status":"closed","ping_status":"closed","template":"","meta":{"_acf_changed":false,"footnotes":""},"class_list":["post-2045","page","type-page","status-publish","hentry"],"acf":[],"yoast_head":"<!-- This site is optimized with the Yoast SEO plugin v26.7 - https:\/\/yoast.com\/wordpress\/plugins\/seo\/ -->\n<title>News - 1edo mall<\/title>\n<meta name=\"description\" content=\"News Center News Column\" \/>\n<meta name=\"robots\" content=\"index, follow, max-snippet:-1, max-image-preview:large, max-video-preview:-1\" \/>\n<link rel=\"canonical\" href=\"https:\/\/1edo.com\/es\/about\/news-contnet\/news\/\" \/>\n<meta property=\"og:locale\" content=\"hu_HU\" \/>\n<meta property=\"og:type\" content=\"article\" \/>\n<meta property=\"og:title\" content=\"News - 1edo mall\" \/>\n<meta property=\"og:description\" content=\"News Center News Column\" \/>\n<meta property=\"og:url\" content=\"https:\/\/1edo.com\/es\/about\/news-contnet\/news\/\" \/>\n<meta property=\"og:site_name\" content=\"1edo mall\" \/>\n<meta property=\"article:modified_time\" content=\"2026-01-13T11:18:26+00:00\" \/>\n<meta name=\"twitter:card\" content=\"summary_large_image\" \/>\n<meta name=\"twitter:label1\" content=\"Becs\u00fclt olvas\u00e1si id\u0151\" \/>\n\t<meta name=\"twitter:data1\" content=\"1 perc\" \/>\n<script type=\"application\/ld+json\" class=\"yoast-schema-graph\">{\"@context\":\"https:\/\/schema.org\",\"@graph\":[{\"@type\":\"WebPage\",\"@id\":\"https:\/\/1edo.com\/es\/about\/news-contnet\/news\/\",\"url\":\"https:\/\/1edo.com\/es\/about\/news-contnet\/news\/\",\"name\":\"News - 1edo mall\",\"isPartOf\":{\"@id\":\"https:\/\/www.1edo.com\/fi\/#website\"},\"datePublished\":\"2023-09-22T09:50:39+00:00\",\"dateModified\":\"2026-01-13T11:18:26+00:00\",\"description\":\"News Center News Column\",\"breadcrumb\":{\"@id\":\"https:\/\/1edo.com\/es\/about\/news-contnet\/news\/#breadcrumb\"},\"inLanguage\":\"hu\",\"potentialAction\":[{\"@type\":\"ReadAction\",\"target\":[\"https:\/\/1edo.com\/es\/about\/news-contnet\/news\/\"]}]},{\"@type\":\"BreadcrumbList\",\"@id\":\"https:\/\/1edo.com\/es\/about\/news-contnet\/news\/#breadcrumb\",\"itemListElement\":[{\"@type\":\"ListItem\",\"position\":1,\"name\":\"About\",\"item\":\"https:\/\/www.1edo.com\/about\/\"},{\"@type\":\"ListItem\",\"position\":2,\"name\":\"News Contnet\",\"item\":\"https:\/\/1edo.com\/ca\/about\/news-contnet\/\"},{\"@type\":\"ListItem\",\"position\":3,\"name\":\"News\"}]},{\"@type\":\"WebSite\",\"@id\":\"https:\/\/www.1edo.com\/fi\/#website\",\"url\":\"https:\/\/www.1edo.com\/fi\/\",\"name\":\"1edo mall\",\"description\":\"1edo mall\",\"potentialAction\":[{\"@type\":\"SearchAction\",\"target\":{\"@type\":\"EntryPoint\",\"urlTemplate\":\"https:\/\/www.1edo.com\/fi\/?s={search_term_string}\"},\"query-input\":{\"@type\":\"PropertyValueSpecification\",\"valueRequired\":true,\"valueName\":\"search_term_string\"}}],\"inLanguage\":\"hu\"}]}<\/script>\n<!-- \/ Yoast SEO plugin. -->","yoast_head_json":{"title":"H\u00edrek - 1edo bev\u00e1s\u00e1rl\u00f3k\u00f6zpont","description":"H\u00edrk\u00f6zpont H\u00edrrovata","robots":{"index":"index","follow":"follow","max-snippet":"max-snippet:-1","max-image-preview":"max-image-preview:large","max-video-preview":"max-video-preview:-1"},"canonical":"https:\/\/1edo.com\/es\/about\/news-contnet\/news\/","og_locale":"hu_HU","og_type":"article","og_title":"News - 1edo mall","og_description":"News Center News Column","og_url":"https:\/\/1edo.com\/es\/about\/news-contnet\/news\/","og_site_name":"1edo mall","article_modified_time":"2026-01-13T11:18:26+00:00","twitter_card":"summary_large_image","twitter_misc":{"Becs\u00fclt olvas\u00e1si id\u0151":"1 perc"},"schema":{"@context":"https:\/\/schema.org","@graph":[{"@type":"WebPage","@id":"https:\/\/1edo.com\/es\/about\/news-contnet\/news\/","url":"https:\/\/1edo.com\/es\/about\/news-contnet\/news\/","name":"H\u00edrek - 1edo bev\u00e1s\u00e1rl\u00f3k\u00f6zpont","isPartOf":{"@id":"https:\/\/www.1edo.com\/fi\/#website"},"datePublished":"2023-09-22T09:50:39+00:00","dateModified":"2026-01-13T11:18:26+00:00","description":"H\u00edrk\u00f6zpont H\u00edrrovata","breadcrumb":{"@id":"https:\/\/1edo.com\/es\/about\/news-contnet\/news\/#breadcrumb"},"inLanguage":"hu","potentialAction":[{"@type":"ReadAction","target":["https:\/\/1edo.com\/es\/about\/news-contnet\/news\/"]}]},{"@type":"BreadcrumbList","@id":"https:\/\/1edo.com\/es\/about\/news-contnet\/news\/#breadcrumb","itemListElement":[{"@type":"ListItem","position":1,"name":"About","item":"https:\/\/www.1edo.com\/about\/"},{"@type":"ListItem","position":2,"name":"News Contnet","item":"https:\/\/1edo.com\/ca\/about\/news-contnet\/"},{"@type":"ListItem","position":3,"name":"News"}]},{"@type":"WebSite","@id":"https:\/\/www.1edo.com\/fi\/#website","url":"https:\/\/www.1edo.com\/fi\/","name":"1edo bev\u00e1s\u00e1rl\u00f3k\u00f6zpont","description":"1edo bev\u00e1s\u00e1rl\u00f3k\u00f6zpont","potentialAction":[{"@type":"SearchAction","target":{"@type":"EntryPoint","urlTemplate":"https:\/\/www.1edo.com\/fi\/?s={search_term_string}"},"query-input":{"@type":"PropertyValueSpecification","valueRequired":true,"valueName":"search_term_string"}}],"inLanguage":"hu"}]}},"_links":{"self":[{"href":"https:\/\/www.1edo.com\/hu\/wp-json\/wp\/v2\/pages\/2045","targetHints":{"allow":["GET"]}}],"collection":[{"href":"https:\/\/www.1edo.com\/hu\/wp-json\/wp\/v2\/pages"}],"about":[{"href":"https:\/\/www.1edo.com\/hu\/wp-json\/wp\/v2\/types\/page"}],"author":[{"embeddable":true,"href":"https:\/\/www.1edo.com\/hu\/wp-json\/wp\/v2\/users\/1"}],"replies":[{"embeddable":true,"href":"https:\/\/www.1edo.com\/hu\/wp-json\/wp\/v2\/comments?post=2045"}],"version-history":[{"count":5,"href":"https:\/\/www.1edo.com\/hu\/wp-json\/wp\/v2\/pages\/2045\/revisions"}],"predecessor-version":[{"id":15470,"href":"https:\/\/www.1edo.com\/hu\/wp-json\/wp\/v2\/pages\/2045\/revisions\/15470"}],"up":[{"embeddable":true,"href":"https:\/\/www.1edo.com\/hu\/wp-json\/wp\/v2\/pages\/1973"}],"wp:attachment":[{"href":"https:\/\/www.1edo.com\/hu\/wp-json\/wp\/v2\/media?parent=2045"}],"curies":[{"name":"munkaf\u00fczet","href":"https:\/\/api.w.org\/{rel}","templated":true}]}}