



{"id":18447,"date":"2026-02-12T05:59:48","date_gmt":"2026-02-12T05:59:48","guid":{"rendered":"https:\/\/hk.1edo.com\/?post_type=product&#038;p=18447"},"modified":"2026-04-03T07:17:39","modified_gmt":"2026-04-03T07:17:39","slug":"hcd-0502-usb-c-to-usb-c-cable-red-white-green-purple-5a-1800mm","status":"publish","type":"product","link":"https:\/\/www.1edo.com\/se\/product\/hcd-0502-usb-c-to-usb-c-cable-red-white-green-purple-5a-1800mm\/","title":{"rendered":"HCD-0502 USB-C till USB-C-kabel R\u00f6d\/Vit\/Gr\u00f6n\/Lila 5A-1800MM"},"content":{"rendered":"<table width=\"1080\">\n<tbody>\n<tr>\n<td width=\"192\">Modell<\/td>\n<td width=\"888\">HCD-0502R\/HCD-0502W\/HCD-0502G\/HCD-0502P<\/td>\n<\/tr>\n<tr>\n<td>F\u00e4rg<\/td>\n<td><span style=\"vertical-align: inherit;\"><span style=\"vertical-align: inherit;\">R\u00f6d\/Vit\/Gr\u00f6n\/Lila<\/span><\/span><\/td>\n<\/tr>\n<tr>\n<td>Gr\u00e4nssnitt<\/td>\n<td><span style=\"vertical-align: inherit;\"><span style=\"vertical-align: inherit;\"><span style=\"vertical-align: inherit;\">USB-C till USB-C<\/span><\/span><\/span><\/td>\n<\/tr>\n<tr>\n<td>Nuvarande<\/td>\n<td><span style=\"vertical-align: inherit;\">5A<\/span><\/td>\n<\/tr>\n<tr>\n<td>Kabell\u00e4ngd<\/td>\n<td width=\"888\">1,8 miljoner<\/td>\n<\/tr>\n<tr>\n<td>Material<\/td>\n<td>Fl\u00e4tad nylon<\/td>\n<\/tr>\n<\/tbody>\n<\/table>","protected":false},"excerpt":{"rendered":"<p><img decoding=\"async\" class=\"alignnone size-full wp-image-9312\" src=\"\/wp-content\/uploads\/product_info_imgs\/product01.png\" alt=\"\" width=\"15\" height=\"15\" \/>\u00a0 Fl\u00e4tad n\u00e4tkabel, stark och flexibel.<br \/>\n<img decoding=\"async\" class=\"alignnone size-full wp-image-9312\" src=\"\/wp-content\/uploads\/product_info_imgs\/product01.png\" alt=\"\" width=\"15\" height=\"15\" \/>\u00a0 Snabbladdning + Datasynkronisering.<br \/>\n<img decoding=\"async\" class=\"alignnone size-full wp-image-9312\" src=\"\/wp-content\/uploads\/product_info_imgs\/product01.png\" alt=\"\" width=\"15\" height=\"15\" \/>\u00a0 Inbyggt smart chip.<br \/>\n<img decoding=\"async\" class=\"alignnone size-full wp-image-9312\" src=\"\/wp-content\/uploads\/product_info_imgs\/product01.png\" alt=\"\" width=\"15\" height=\"15\" \/>\u00a0 F\u00f6rst\u00e4rkta kontakter.<br \/>\n<img decoding=\"async\" class=\"alignnone size-full wp-image-9312\" src=\"\/wp-content\/uploads\/product_info_imgs\/product01.png\" alt=\"\" width=\"15\" height=\"15\" \/>\u00a0 Livsl\u00e4ngd p\u00e5 12 000+ b\u00f6jningar.<br \/>\n<img decoding=\"async\" class=\"alignnone size-full wp-image-9312\" src=\"\/wp-content\/uploads\/product_info_imgs\/product01.png\" alt=\"\" width=\"15\" height=\"15\" \/>\u00a0 H\u00f6g effekt, ultrasnabb laddning.<\/p>","protected":false},"featured_media":18372,"comment_status":"open","ping_status":"closed","template":"","meta":{"_acf_changed":false},"product_brand":[],"product_cat":[539,547,545,121],"product_tag":[549],"class_list":{"0":"post-18447","1":"product","2":"type-product","3":"status-publish","4":"has-post-thumbnail","6":"product_cat-cable","7":"product_cat-usb-c-to-usb-c-5a1-8m","8":"product_cat-5a1-8m","9":"product_cat-products","10":"product_tag-usb-c-cable","12":"first","13":"instock","14":"taxable","15":"shipping-taxable","16":"purchasable","17":"product-type-variable","18":"has-default-attributes","19":"wvs-archive-product-wrapper"},"acf":[],"yoast_head":"<!-- This site is optimized with the Yoast SEO plugin v26.7 - https:\/\/yoast.com\/wordpress\/plugins\/seo\/ -->\n<title>HCD-0502 USB-C-to-USB-C Cable Red\/White\/Green\/Purple 5A-1800MM - 1edo mall<\/title>\n<meta name=\"description\" content=\"TA3803\" \/>\n<meta name=\"robots\" content=\"index, follow, max-snippet:-1, max-image-preview:large, max-video-preview:-1\" \/>\n<link rel=\"canonical\" href=\"https:\/\/www.1edo.com\/se\/produkt\/hcd-0502-usb-c-to-usb-c-cable-red-white-green-purple-5a-1800mm\/\" \/>\n<meta property=\"og:locale\" content=\"sv_SE\" \/>\n<meta property=\"og:type\" content=\"article\" \/>\n<meta property=\"og:title\" content=\"HCD-0502 USB-C-to-USB-C Cable Red\/White\/Green\/Purple 5A-1800MM - 1edo mall\" \/>\n<meta property=\"og:description\" content=\"TA3803\" \/>\n<meta property=\"og:url\" content=\"https:\/\/www.1edo.com\/se\/produkt\/hcd-0502-usb-c-to-usb-c-cable-red-white-green-purple-5a-1800mm\/\" \/>\n<meta property=\"og:site_name\" content=\"1edo mall\" \/>\n<meta property=\"article:modified_time\" content=\"2026-04-03T07:17:39+00:00\" \/>\n<meta property=\"og:image\" content=\"https:\/\/www.1edo.com\/wp-content\/uploads\/2026\/02\/5A-USB-C-C-Purple-New-6-1.webp\" \/>\n\t<meta property=\"og:image:width\" content=\"1200\" \/>\n\t<meta property=\"og:image:height\" content=\"1200\" \/>\n\t<meta property=\"og:image:type\" content=\"image\/webp\" \/>\n<meta name=\"twitter:card\" content=\"summary_large_image\" \/>\n<meta name=\"twitter:label1\" content=\"Ber\u00e4knad l\u00e4stid\" \/>\n\t<meta name=\"twitter:data1\" content=\"1 minut\" \/>\n<script type=\"application\/ld+json\" class=\"yoast-schema-graph\">{\"@context\":\"https:\/\/schema.org\",\"@graph\":[{\"@type\":\"WebPage\",\"@id\":\"https:\/\/www.1edo.com\/jp\/product\/hcd-0502-usb-type-c-usb-type-c%e3%82%b1%e3%83%bc%e3%83%96%e3%83%ab-%e8%b5%a4%e7%99%bd%e7%b7%91%e7%b4%ab-5a-1800mm\/\",\"url\":\"https:\/\/www.1edo.com\/jp\/product\/hcd-0502-usb-type-c-usb-type-c%e3%82%b1%e3%83%bc%e3%83%96%e3%83%ab-%e8%b5%a4%e7%99%bd%e7%b7%91%e7%b4%ab-5a-1800mm\/\",\"name\":\"HCD-0502 USB-C-to-USB-C Cable Red\/White\/Green\/Purple 5A-1800MM - 1edo mall\",\"isPartOf\":{\"@id\":\"https:\/\/www.1edo.com\/#website\"},\"primaryImageOfPage\":{\"@id\":\"https:\/\/www.1edo.com\/jp\/product\/hcd-0502-usb-type-c-usb-type-c%e3%82%b1%e3%83%bc%e3%83%96%e3%83%ab-%e8%b5%a4%e7%99%bd%e7%b7%91%e7%b4%ab-5a-1800mm\/#primaryimage\"},\"image\":{\"@id\":\"https:\/\/www.1edo.com\/jp\/product\/hcd-0502-usb-type-c-usb-type-c%e3%82%b1%e3%83%bc%e3%83%96%e3%83%ab-%e8%b5%a4%e7%99%bd%e7%b7%91%e7%b4%ab-5a-1800mm\/#primaryimage\"},\"thumbnailUrl\":\"https:\/\/www.1edo.com\/wp-content\/uploads\/2026\/02\/5A-USB-C-C-Purple-New-6-1.webp\",\"datePublished\":\"2026-02-12T05:59:48+00:00\",\"dateModified\":\"2026-04-03T07:17:39+00:00\",\"description\":\"TA3803\",\"breadcrumb\":{\"@id\":\"https:\/\/www.1edo.com\/jp\/product\/hcd-0502-usb-type-c-usb-type-c%e3%82%b1%e3%83%bc%e3%83%96%e3%83%ab-%e8%b5%a4%e7%99%bd%e7%b7%91%e7%b4%ab-5a-1800mm\/#breadcrumb\"},\"inLanguage\":\"sv-SE\",\"potentialAction\":[{\"@type\":\"ReadAction\",\"target\":[\"https:\/\/www.1edo.com\/jp\/product\/hcd-0502-usb-type-c-usb-type-c%e3%82%b1%e3%83%bc%e3%83%96%e3%83%ab-%e8%b5%a4%e7%99%bd%e7%b7%91%e7%b4%ab-5a-1800mm\/\"]}]},{\"@type\":\"ImageObject\",\"inLanguage\":\"sv-SE\",\"@id\":\"https:\/\/www.1edo.com\/jp\/product\/hcd-0502-usb-type-c-usb-type-c%e3%82%b1%e3%83%bc%e3%83%96%e3%83%ab-%e8%b5%a4%e7%99%bd%e7%b7%91%e7%b4%ab-5a-1800mm\/#primaryimage\",\"url\":\"https:\/\/www.1edo.com\/wp-content\/uploads\/2026\/02\/5A-USB-C-C-Purple-New-6-1.webp\",\"contentUrl\":\"https:\/\/www.1edo.com\/wp-content\/uploads\/2026\/02\/5A-USB-C-C-Purple-New-6-1.webp\",\"width\":1200,\"height\":1200},{\"@type\":\"BreadcrumbList\",\"@id\":\"https:\/\/www.1edo.com\/jp\/product\/hcd-0502-usb-type-c-usb-type-c%e3%82%b1%e3%83%bc%e3%83%96%e3%83%ab-%e8%b5%a4%e7%99%bd%e7%b7%91%e7%b4%ab-5a-1800mm\/#breadcrumb\",\"itemListElement\":[{\"@type\":\"ListItem\",\"position\":1,\"name\":\"Produkte\",\"item\":\"https:\/\/1edo.com\/de\/shop\/\"},{\"@type\":\"ListItem\",\"position\":2,\"name\":\"HCD-0502 USB-C-to-USB-C Cable Red\/White\/Green\/Purple 5A-1800MM\"}]},{\"@type\":\"WebSite\",\"@id\":\"https:\/\/www.1edo.com\/#website\",\"url\":\"https:\/\/www.1edo.com\/\",\"name\":\"1edo mall\",\"description\":\"1edo mall\",\"potentialAction\":[{\"@type\":\"SearchAction\",\"target\":{\"@type\":\"EntryPoint\",\"urlTemplate\":\"https:\/\/www.1edo.com\/?s={search_term_string}\"},\"query-input\":{\"@type\":\"PropertyValueSpecification\",\"valueRequired\":true,\"valueName\":\"search_term_string\"}}],\"inLanguage\":\"sv-SE\"}]}<\/script>\n<!-- \/ Yoast SEO plugin. -->","yoast_head_json":{"title":"HCD-0502 USB-C-to-USB-C Cable Red\/White\/Green\/Purple 5A-1800MM - 1edo mall","description":"TA3803","robots":{"index":"index","follow":"follow","max-snippet":"max-snippet:-1","max-image-preview":"max-image-preview:large","max-video-preview":"max-video-preview:-1"},"canonical":"https:\/\/www.1edo.com\/se\/produkt\/hcd-0502-usb-c-to-usb-c-cable-red-white-green-purple-5a-1800mm\/","og_locale":"sv_SE","og_type":"article","og_title":"HCD-0502 USB-C-to-USB-C Cable Red\/White\/Green\/Purple 5A-1800MM - 1edo mall","og_description":"TA3803","og_url":"https:\/\/www.1edo.com\/se\/produkt\/hcd-0502-usb-c-to-usb-c-cable-red-white-green-purple-5a-1800mm\/","og_site_name":"1edo mall","article_modified_time":"2026-04-03T07:17:39+00:00","og_image":[{"width":1200,"height":1200,"url":"https:\/\/www.1edo.com\/wp-content\/uploads\/2026\/02\/5A-USB-C-C-Purple-New-6-1.webp","type":"image\/webp"}],"twitter_card":"summary_large_image","twitter_misc":{"Ber\u00e4knad l\u00e4stid":"1 minut"},"schema":{"@context":"https:\/\/schema.org","@graph":[{"@type":"WebPage","@id":"https:\/\/www.1edo.com\/jp\/product\/hcd-0502-usb-type-c-usb-type-c%e3%82%b1%e3%83%bc%e3%83%96%e3%83%ab-%e8%b5%a4%e7%99%bd%e7%b7%91%e7%b4%ab-5a-1800mm\/","url":"https:\/\/www.1edo.com\/jp\/product\/hcd-0502-usb-type-c-usb-type-c%e3%82%b1%e3%83%bc%e3%83%96%e3%83%ab-%e8%b5%a4%e7%99%bd%e7%b7%91%e7%b4%ab-5a-1800mm\/","name":"HCD-0502 USB-C-to-USB-C Cable Red\/White\/Green\/Purple 5A-1800MM - 1edo mall","isPartOf":{"@id":"https:\/\/www.1edo.com\/#website"},"primaryImageOfPage":{"@id":"https:\/\/www.1edo.com\/jp\/product\/hcd-0502-usb-type-c-usb-type-c%e3%82%b1%e3%83%bc%e3%83%96%e3%83%ab-%e8%b5%a4%e7%99%bd%e7%b7%91%e7%b4%ab-5a-1800mm\/#primaryimage"},"image":{"@id":"https:\/\/www.1edo.com\/jp\/product\/hcd-0502-usb-type-c-usb-type-c%e3%82%b1%e3%83%bc%e3%83%96%e3%83%ab-%e8%b5%a4%e7%99%bd%e7%b7%91%e7%b4%ab-5a-1800mm\/#primaryimage"},"thumbnailUrl":"https:\/\/www.1edo.com\/wp-content\/uploads\/2026\/02\/5A-USB-C-C-Purple-New-6-1.webp","datePublished":"2026-02-12T05:59:48+00:00","dateModified":"2026-04-03T07:17:39+00:00","description":"TA3803","breadcrumb":{"@id":"https:\/\/www.1edo.com\/jp\/product\/hcd-0502-usb-type-c-usb-type-c%e3%82%b1%e3%83%bc%e3%83%96%e3%83%ab-%e8%b5%a4%e7%99%bd%e7%b7%91%e7%b4%ab-5a-1800mm\/#breadcrumb"},"inLanguage":"sv-SE","potentialAction":[{"@type":"ReadAction","target":["https:\/\/www.1edo.com\/jp\/product\/hcd-0502-usb-type-c-usb-type-c%e3%82%b1%e3%83%bc%e3%83%96%e3%83%ab-%e8%b5%a4%e7%99%bd%e7%b7%91%e7%b4%ab-5a-1800mm\/"]}]},{"@type":"ImageObject","inLanguage":"sv-SE","@id":"https:\/\/www.1edo.com\/jp\/product\/hcd-0502-usb-type-c-usb-type-c%e3%82%b1%e3%83%bc%e3%83%96%e3%83%ab-%e8%b5%a4%e7%99%bd%e7%b7%91%e7%b4%ab-5a-1800mm\/#primaryimage","url":"https:\/\/www.1edo.com\/wp-content\/uploads\/2026\/02\/5A-USB-C-C-Purple-New-6-1.webp","contentUrl":"https:\/\/www.1edo.com\/wp-content\/uploads\/2026\/02\/5A-USB-C-C-Purple-New-6-1.webp","width":1200,"height":1200},{"@type":"BreadcrumbList","@id":"https:\/\/www.1edo.com\/jp\/product\/hcd-0502-usb-type-c-usb-type-c%e3%82%b1%e3%83%bc%e3%83%96%e3%83%ab-%e8%b5%a4%e7%99%bd%e7%b7%91%e7%b4%ab-5a-1800mm\/#breadcrumb","itemListElement":[{"@type":"ListItem","position":1,"name":"Produkte","item":"https:\/\/1edo.com\/de\/shop\/"},{"@type":"ListItem","position":2,"name":"HCD-0502 USB-C-to-USB-C Cable Red\/White\/Green\/Purple 5A-1800MM"}]},{"@type":"WebSite","@id":"https:\/\/www.1edo.com\/#website","url":"https:\/\/www.1edo.com\/","name":"1edo k\u00f6pcentrum","description":"1edo k\u00f6pcentrum","potentialAction":[{"@type":"SearchAction","target":{"@type":"EntryPoint","urlTemplate":"https:\/\/www.1edo.com\/?s={search_term_string}"},"query-input":{"@type":"PropertyValueSpecification","valueRequired":true,"valueName":"search_term_string"}}],"inLanguage":"sv-SE"}]}},"_links":{"self":[{"href":"https:\/\/www.1edo.com\/se\/wp-json\/wp\/v2\/product\/18447","targetHints":{"allow":["GET"]}}],"collection":[{"href":"https:\/\/www.1edo.com\/se\/wp-json\/wp\/v2\/product"}],"about":[{"href":"https:\/\/www.1edo.com\/se\/wp-json\/wp\/v2\/types\/product"}],"replies":[{"embeddable":true,"href":"https:\/\/www.1edo.com\/se\/wp-json\/wp\/v2\/comments?post=18447"}],"version-history":[{"count":0,"href":"https:\/\/www.1edo.com\/se\/wp-json\/wp\/v2\/product\/18447\/revisions"}],"wp:featuredmedia":[{"embeddable":true,"href":"https:\/\/www.1edo.com\/se\/wp-json\/wp\/v2\/media\/18372"}],"wp:attachment":[{"href":"https:\/\/www.1edo.com\/se\/wp-json\/wp\/v2\/media?parent=18447"}],"wp:term":[{"taxonomy":"product_brand","embeddable":true,"href":"https:\/\/www.1edo.com\/se\/wp-json\/wp\/v2\/product_brand?post=18447"},{"taxonomy":"product_cat","embeddable":true,"href":"https:\/\/www.1edo.com\/se\/wp-json\/wp\/v2\/product_cat?post=18447"},{"taxonomy":"product_tag","embeddable":true,"href":"https:\/\/www.1edo.com\/se\/wp-json\/wp\/v2\/product_tag?post=18447"}],"curies":[{"name":"wp","href":"https:\/\/api.w.org\/{rel}","templated":true}]}}