



{"id":18482,"date":"2026-02-12T07:32:30","date_gmt":"2026-02-12T07:32:30","guid":{"rendered":"https:\/\/hk.1edo.com\/?post_type=product&#038;p=18482"},"modified":"2026-04-01T03:20:37","modified_gmt":"2026-04-01T03:20:37","slug":"ta1107-pd30w-charging-for-us","status":"publish","type":"product","link":"https:\/\/www.1edo.com\/se\/product\/ta1107-pd30w-charging-for-us\/","title":{"rendered":"TA1107 PD25W Laddning f\u00f6r USA"},"content":{"rendered":"<table width=\"1080\">\n<tbody>\n<tr>\n<td width=\"192\">Modell<\/td>\n<td width=\"888\"><span style=\"vertical-align: inherit;\"><span style=\"vertical-align: inherit;\"><span style=\"vertical-align: inherit;\"><span style=\"vertical-align: inherit;\"><span style=\"vertical-align: inherit;\"><span style=\"vertical-align: inherit;\"><span style=\"vertical-align: inherit;\">TA1107.US<\/span><\/span><\/span><\/span><\/span><\/span><\/span><\/td>\n<\/tr>\n<tr>\n<td>F\u00e4rg<\/td>\n<td><span style=\"vertical-align: inherit;\"><span style=\"vertical-align: inherit;\">Vit<\/span><\/span><\/td>\n<\/tr>\n<tr>\n<td>Driva<\/td>\n<td><span style=\"vertical-align: inherit;\"><span style=\"vertical-align: inherit;\"><span style=\"vertical-align: inherit;\">25.0 W<\/span><\/span><\/span><\/td>\n<\/tr>\n<tr>\n<td>Input<\/td>\n<td><span style=\"vertical-align: inherit;\"><span style=\"vertical-align: inherit;\"><span style=\"vertical-align: inherit;\"><span style=\"vertical-align: inherit;\"><span style=\"vertical-align: inherit;\">100V~240V 50\/60Hz 0.75A\uff08Max\uff09<\/span><\/span><\/span><\/span><\/span><\/td>\n<\/tr>\n<tr>\n<td>Produktion<\/td>\n<td width=\"888\">5V\u23933A , 9V\u23932.77A\u00a0 (25W)\u00a0 \u00a03.3~5.9V\u23933A or 3.3V~11V\u23932.25A (7.7W~25W)<\/td>\n<\/tr>\n<tr>\n<td>Snabbladdningsprotokoll<\/td>\n<td><span style=\"vertical-align: inherit;\"><span style=\"vertical-align: inherit;\">BC1.2 \/ APPLE 2.4A \/ SAMSUNG 2A QC3.0 \/ QC2.0 \/ PD3.0 \/ PD2.0 \/ AFC \/ FCP \/ SCP \/ PE2.0 \/ PE1.1 \/ SFCP<\/span><\/span><\/td>\n<\/tr>\n<tr>\n<td>S\u00e4kerhetsstandarder<\/td>\n<td><span style=\"vertical-align: inherit;\"><span style=\"vertical-align: inherit;\"><span style=\"vertical-align: inherit;\"><span style=\"vertical-align: inherit;\"><span style=\"vertical-align: inherit;\"><span style=\"vertical-align: inherit;\"><span style=\"vertical-align: inherit;\">EN 62368-1:2014 \/ A11:2017 IEC 62368-1:2014 \/ A11:2017 UL 62368-1:2014<\/span><\/span><\/span><\/span><\/span><\/span><\/span><\/td>\n<\/tr>\n<tr>\n<td>Produktstorlek<\/td>\n<td><span style=\"vertical-align: inherit;\"><span style=\"vertical-align: inherit;\">73,95*38*22,3 mm<\/span><\/span><\/td>\n<\/tr>\n<tr>\n<td>F\u00f6rpackningar f\u00f6r detaljhandeln<\/td>\n<td>Blisterf\u00f6rpackning + F\u00e4rgf\u00f6rpackning + ytterkartong<\/td>\n<\/tr>\n<\/tbody>\n<\/table>","protected":false},"excerpt":{"rendered":"<p><img decoding=\"async\" class=\"alignnone size-full wp-image-9312\" src=\"\/wp-content\/uploads\/product_info_imgs\/product01.png\" alt=\"\" width=\"15\" height=\"15\" \/>\u00a0 USB-C snabbladdningsport.<br \/>\n<img decoding=\"async\" class=\"alignnone size-full wp-image-9312\" src=\"\/wp-content\/uploads\/product_info_imgs\/product01.png\" alt=\"\" width=\"15\" height=\"15\" \/>\u00a0 Kompakt och b\u00e4rbar.<br \/>\n<img decoding=\"async\" class=\"alignnone size-full wp-image-9312\" src=\"\/wp-content\/uploads\/product_info_imgs\/product01.png\" alt=\"\" width=\"15\" height=\"15\" \/>\u00a0 Smart chip-teknik.<br \/>\n<img decoding=\"async\" class=\"alignnone size-full wp-image-9312\" src=\"\/wp-content\/uploads\/product_info_imgs\/product01.png\" alt=\"\" width=\"15\" height=\"15\" \/>\u00a0 Ergonomisk och platsbesparande design.<br \/>\n<img decoding=\"async\" class=\"alignnone size-full wp-image-9312\" src=\"\/wp-content\/uploads\/product_info_imgs\/product01.png\" alt=\"\" width=\"15\" height=\"15\" \/>\u00a0 Certifierade premiummaterial.<br \/>\n<img decoding=\"async\" class=\"alignnone size-full wp-image-9312\" src=\"\/wp-content\/uploads\/product_info_imgs\/product01.png\" alt=\"\" width=\"15\" height=\"15\" \/>\u00a0 Bred kompatibilitet.<\/p>","protected":false},"featured_media":17769,"comment_status":"open","ping_status":"closed","template":"","meta":{"_acf_changed":false},"product_brand":[],"product_cat":[122,155,123,121,552],"product_tag":[220],"class_list":{"0":"post-18482","1":"product","2":"type-product","3":"status-publish","4":"has-post-thumbnail","6":"product_cat-chargers","7":"product_cat-salet","8":"product_cat-travel-chargers","9":"product_cat-products","10":"product_cat-ta1107","11":"product_tag-30w","12":"pa_power-25w","14":"first","15":"instock","16":"taxable","17":"shipping-taxable","18":"purchasable","19":"product-type-variable","20":"has-default-attributes","21":"wvs-archive-product-wrapper"},"acf":[],"yoast_head":"<!-- This site is optimized with the Yoast SEO plugin v26.7 - https:\/\/yoast.com\/wordpress\/plugins\/seo\/ -->\n<title>TA1107 PD25W Charging For US - 1edo mall<\/title>\n<meta name=\"description\" content=\"TA3803\" \/>\n<meta name=\"robots\" content=\"index, follow, max-snippet:-1, max-image-preview:large, max-video-preview:-1\" \/>\n<link rel=\"canonical\" href=\"https:\/\/1edo.com\/it\/prodotto\/ta1107-pd30w-charging-for-us\/\" \/>\n<meta property=\"og:locale\" content=\"sv_SE\" \/>\n<meta property=\"og:type\" content=\"article\" \/>\n<meta property=\"og:title\" content=\"TA1107 PD25W Charging For US - 1edo mall\" \/>\n<meta property=\"og:description\" content=\"TA3803\" \/>\n<meta property=\"og:url\" content=\"https:\/\/1edo.com\/it\/prodotto\/ta1107-pd30w-charging-for-us\/\" \/>\n<meta property=\"og:site_name\" content=\"1edo mall\" \/>\n<meta property=\"article:modified_time\" content=\"2026-04-01T03:20:37+00:00\" \/>\n<meta property=\"og:image\" content=\"https:\/\/1edo.com\/wp-content\/uploads\/2026\/02\/TA1107-PD25W-US-White.webp\" \/>\n\t<meta property=\"og:image:width\" content=\"1000\" \/>\n\t<meta property=\"og:image:height\" content=\"1000\" \/>\n\t<meta property=\"og:image:type\" content=\"image\/webp\" \/>\n<meta name=\"twitter:card\" content=\"summary_large_image\" \/>\n<meta name=\"twitter:label1\" content=\"Ber\u00e4knad l\u00e4stid\" \/>\n\t<meta name=\"twitter:data1\" content=\"1 minut\" \/>\n<script type=\"application\/ld+json\" class=\"yoast-schema-graph\">{\"@context\":\"https:\/\/schema.org\",\"@graph\":[{\"@type\":\"WebPage\",\"@id\":\"https:\/\/1edo.com\/it\/prodotto\/ta1107-pd30w-charging-for-us\/\",\"url\":\"https:\/\/1edo.com\/it\/prodotto\/ta1107-pd30w-charging-for-us\/\",\"name\":\"TA1107 PD25W Charging For US - 1edo mall\",\"isPartOf\":{\"@id\":\"https:\/\/www.1edo.com\/#website\"},\"primaryImageOfPage\":{\"@id\":\"https:\/\/1edo.com\/it\/prodotto\/ta1107-pd30w-charging-for-us\/#primaryimage\"},\"image\":{\"@id\":\"https:\/\/1edo.com\/it\/prodotto\/ta1107-pd30w-charging-for-us\/#primaryimage\"},\"thumbnailUrl\":\"https:\/\/www.1edo.com\/wp-content\/uploads\/2026\/02\/TA1107-PD25W-US-White.webp\",\"datePublished\":\"2026-02-12T07:32:30+00:00\",\"dateModified\":\"2026-04-01T03:20:37+00:00\",\"description\":\"TA3803\",\"breadcrumb\":{\"@id\":\"https:\/\/1edo.com\/it\/prodotto\/ta1107-pd30w-charging-for-us\/#breadcrumb\"},\"inLanguage\":\"sv-SE\",\"potentialAction\":[{\"@type\":\"ReadAction\",\"target\":[\"https:\/\/1edo.com\/it\/prodotto\/ta1107-pd30w-charging-for-us\/\"]}]},{\"@type\":\"ImageObject\",\"inLanguage\":\"sv-SE\",\"@id\":\"https:\/\/1edo.com\/it\/prodotto\/ta1107-pd30w-charging-for-us\/#primaryimage\",\"url\":\"https:\/\/www.1edo.com\/wp-content\/uploads\/2026\/02\/TA1107-PD25W-US-White.webp\",\"contentUrl\":\"https:\/\/www.1edo.com\/wp-content\/uploads\/2026\/02\/TA1107-PD25W-US-White.webp\",\"width\":1000,\"height\":1000},{\"@type\":\"BreadcrumbList\",\"@id\":\"https:\/\/1edo.com\/it\/prodotto\/ta1107-pd30w-charging-for-us\/#breadcrumb\",\"itemListElement\":[{\"@type\":\"ListItem\",\"position\":1,\"name\":\"Produkte\",\"item\":\"https:\/\/1edo.com\/de\/shop\/\"},{\"@type\":\"ListItem\",\"position\":2,\"name\":\"TA1107 PD25W Charging For US\"}]},{\"@type\":\"WebSite\",\"@id\":\"https:\/\/www.1edo.com\/#website\",\"url\":\"https:\/\/www.1edo.com\/\",\"name\":\"1edo mall\",\"description\":\"1edo mall\",\"potentialAction\":[{\"@type\":\"SearchAction\",\"target\":{\"@type\":\"EntryPoint\",\"urlTemplate\":\"https:\/\/www.1edo.com\/?s={search_term_string}\"},\"query-input\":{\"@type\":\"PropertyValueSpecification\",\"valueRequired\":true,\"valueName\":\"search_term_string\"}}],\"inLanguage\":\"sv-SE\"}]}<\/script>\n<!-- \/ Yoast SEO plugin. -->","yoast_head_json":{"title":"TA1107 PD25W Laddning F\u00f6r USA - 1edo mall","description":"TA3803","robots":{"index":"index","follow":"follow","max-snippet":"max-snippet:-1","max-image-preview":"max-image-preview:large","max-video-preview":"max-video-preview:-1"},"canonical":"https:\/\/1edo.com\/it\/prodotto\/ta1107-pd30w-charging-for-us\/","og_locale":"sv_SE","og_type":"article","og_title":"TA1107 PD25W Charging For US - 1edo mall","og_description":"TA3803","og_url":"https:\/\/1edo.com\/it\/prodotto\/ta1107-pd30w-charging-for-us\/","og_site_name":"1edo mall","article_modified_time":"2026-04-01T03:20:37+00:00","og_image":[{"width":1000,"height":1000,"url":"https:\/\/1edo.com\/wp-content\/uploads\/2026\/02\/TA1107-PD25W-US-White.webp","type":"image\/webp"}],"twitter_card":"summary_large_image","twitter_misc":{"Ber\u00e4knad l\u00e4stid":"1 minut"},"schema":{"@context":"https:\/\/schema.org","@graph":[{"@type":"WebPage","@id":"https:\/\/1edo.com\/it\/prodotto\/ta1107-pd30w-charging-for-us\/","url":"https:\/\/1edo.com\/it\/prodotto\/ta1107-pd30w-charging-for-us\/","name":"TA1107 PD25W Laddning F\u00f6r USA - 1edo mall","isPartOf":{"@id":"https:\/\/www.1edo.com\/#website"},"primaryImageOfPage":{"@id":"https:\/\/1edo.com\/it\/prodotto\/ta1107-pd30w-charging-for-us\/#primaryimage"},"image":{"@id":"https:\/\/1edo.com\/it\/prodotto\/ta1107-pd30w-charging-for-us\/#primaryimage"},"thumbnailUrl":"https:\/\/www.1edo.com\/wp-content\/uploads\/2026\/02\/TA1107-PD25W-US-White.webp","datePublished":"2026-02-12T07:32:30+00:00","dateModified":"2026-04-01T03:20:37+00:00","description":"TA3803","breadcrumb":{"@id":"https:\/\/1edo.com\/it\/prodotto\/ta1107-pd30w-charging-for-us\/#breadcrumb"},"inLanguage":"sv-SE","potentialAction":[{"@type":"ReadAction","target":["https:\/\/1edo.com\/it\/prodotto\/ta1107-pd30w-charging-for-us\/"]}]},{"@type":"ImageObject","inLanguage":"sv-SE","@id":"https:\/\/1edo.com\/it\/prodotto\/ta1107-pd30w-charging-for-us\/#primaryimage","url":"https:\/\/www.1edo.com\/wp-content\/uploads\/2026\/02\/TA1107-PD25W-US-White.webp","contentUrl":"https:\/\/www.1edo.com\/wp-content\/uploads\/2026\/02\/TA1107-PD25W-US-White.webp","width":1000,"height":1000},{"@type":"BreadcrumbList","@id":"https:\/\/1edo.com\/it\/prodotto\/ta1107-pd30w-charging-for-us\/#breadcrumb","itemListElement":[{"@type":"ListItem","position":1,"name":"Produkte","item":"https:\/\/1edo.com\/de\/shop\/"},{"@type":"ListItem","position":2,"name":"TA1107 PD25W Charging For US"}]},{"@type":"WebSite","@id":"https:\/\/www.1edo.com\/#website","url":"https:\/\/www.1edo.com\/","name":"1edo k\u00f6pcentrum","description":"1edo k\u00f6pcentrum","potentialAction":[{"@type":"SearchAction","target":{"@type":"EntryPoint","urlTemplate":"https:\/\/www.1edo.com\/?s={search_term_string}"},"query-input":{"@type":"PropertyValueSpecification","valueRequired":true,"valueName":"search_term_string"}}],"inLanguage":"sv-SE"}]}},"_links":{"self":[{"href":"https:\/\/www.1edo.com\/se\/wp-json\/wp\/v2\/product\/18482","targetHints":{"allow":["GET"]}}],"collection":[{"href":"https:\/\/www.1edo.com\/se\/wp-json\/wp\/v2\/product"}],"about":[{"href":"https:\/\/www.1edo.com\/se\/wp-json\/wp\/v2\/types\/product"}],"replies":[{"embeddable":true,"href":"https:\/\/www.1edo.com\/se\/wp-json\/wp\/v2\/comments?post=18482"}],"version-history":[{"count":0,"href":"https:\/\/www.1edo.com\/se\/wp-json\/wp\/v2\/product\/18482\/revisions"}],"wp:featuredmedia":[{"embeddable":true,"href":"https:\/\/www.1edo.com\/se\/wp-json\/wp\/v2\/media\/17769"}],"wp:attachment":[{"href":"https:\/\/www.1edo.com\/se\/wp-json\/wp\/v2\/media?parent=18482"}],"wp:term":[{"taxonomy":"product_brand","embeddable":true,"href":"https:\/\/www.1edo.com\/se\/wp-json\/wp\/v2\/product_brand?post=18482"},{"taxonomy":"product_cat","embeddable":true,"href":"https:\/\/www.1edo.com\/se\/wp-json\/wp\/v2\/product_cat?post=18482"},{"taxonomy":"product_tag","embeddable":true,"href":"https:\/\/www.1edo.com\/se\/wp-json\/wp\/v2\/product_tag?post=18482"}],"curies":[{"name":"wp","href":"https:\/\/api.w.org\/{rel}","templated":true}]}}