{"id":16540,"date":"2026-01-23T08:48:13","date_gmt":"2026-01-23T08:48:13","guid":{"rendered":"https:\/\/hk.1edo.com\/?post_type=product&#038;p=16540"},"modified":"2026-04-01T08:58:05","modified_gmt":"2026-04-01T08:58:05","slug":"ta3803-pd20w-magnetic-to-usb-c-charging-set-for-us","status":"publish","type":"product","link":"https:\/\/www.1edo.com\/vn\/san-pham\/ta3803-pd20w-magnetic-to-usb-c-charging-set-for-us\/","title":{"rendered":"B\u1ed9 s\u1ea1c t\u1eeb t\u00ednh sang USB-C TA3801-PD30W d\u00e0nh cho th\u1ecb tr\u01b0\u1eddng M\u1ef9"},"content":{"rendered":"<p>&nbsp;<\/p>\n<table width=\"1080\">\n<tbody>\n<tr>\n<td width=\"192\">Ng\u01b0\u1eddi m\u1eabu<\/td>\n<td width=\"888\"><span style=\"vertical-align: inherit;\"><span style=\"vertical-align: inherit;\"><span style=\"vertical-align: inherit;\"><span style=\"vertical-align: inherit;\"><span style=\"vertical-align: inherit;\"><span style=\"vertical-align: inherit;\"><span style=\"vertical-align: inherit;\">TA3801.US<\/span><\/span><\/span><\/span><\/span><\/span><\/span><\/td>\n<\/tr>\n<tr>\n<td>M\u00e0u s\u1eafc<\/td>\n<td><span style=\"vertical-align: inherit;\"><span style=\"vertical-align: inherit;\">\u0110\u1ecf\/Tr\u1eafng\/Xanh l\u00e1 c\u00e2y\/T\u00edm<\/span><\/span><\/td>\n<\/tr>\n<tr>\n<td>Quy\u1ec1n l\u1ef1c<\/td>\n<td><span style=\"vertical-align: inherit;\"><span style=\"vertical-align: inherit;\"><span style=\"vertical-align: inherit;\">30,0 W<\/span><\/span><\/span><\/td>\n<\/tr>\n<tr>\n<td>\u0110\u1ea7u v\u00e0o<\/td>\n<td><span style=\"vertical-align: inherit;\"><span style=\"vertical-align: inherit;\"><span style=\"vertical-align: inherit;\"><span style=\"vertical-align: inherit;\"><span style=\"vertical-align: inherit;\">100V~240V 50\/60Hz 1.0A (T\u1ed1i \u0111a)<\/span><\/span><\/span><\/span><\/span><\/td>\n<\/tr>\n<tr>\n<td>\u0110\u1ea7u ra<\/td>\n<td width=\"888\">5.0V\u23933.0A, 9.0V\u23933.0A, 15.0V\u23932.0A. 20.0V\u23931.5A (C\u00f4ng su\u1ea5t t\u1ed1i \u0111a 30.0W)<\/td>\n<\/tr>\n<tr>\n<td>Giao th\u1ee9c s\u1ea1c nhanh<\/td>\n<td><span style=\"vertical-align: inherit;\"><span style=\"vertical-align: inherit;\">BC1.2 \/ APPLE 2.4A \/ SAMSUNG 2A QC3.0 \/ QC2.0 \/ PD3.0 \/ PD2.0 \/ AFC \/ FCP \/ SCP \/ PE2.0 \/ PE1.1 \/ SFCP<\/span><\/span><\/td>\n<\/tr>\n<tr>\n<td>Ti\u00eau chu\u1ea9n an to\u00e0n<\/td>\n<td><span style=\"vertical-align: inherit;\"><span style=\"vertical-align: inherit;\"><span style=\"vertical-align: inherit;\"><span style=\"vertical-align: inherit;\"><span style=\"vertical-align: inherit;\"><span style=\"vertical-align: inherit;\"><span style=\"vertical-align: inherit;\">EN 62368-1:2014 \/ A11:2017 IEC 62368-1:2014 \/ A11:2017 UL 62368-1:2014<\/span><\/span><\/span><\/span><\/span><\/span><\/span><\/td>\n<\/tr>\n<tr>\n<td>K\u00edch th\u01b0\u1edbc s\u1ea3n ph\u1ea9m<\/td>\n<td><span style=\"vertical-align: inherit;\"><span style=\"vertical-align: inherit;\">73,66x38x38mm<\/span><\/span><\/td>\n<\/tr>\n<tr>\n<td>Bao b\u00ec b\u00e1n l\u1ebb<\/td>\n<td>V\u1ec9 \u0111\u1ef1ng s\u1ea3n ph\u1ea9m + H\u1ed9p m\u00e0u + Th\u00f9ng carton b\u00ean ngo\u00e0i<\/td>\n<\/tr>\n<\/tbody>\n<\/table>","protected":false},"excerpt":{"rendered":"<p><img decoding=\"async\" class=\"alignnone size-full wp-image-9312\" src=\"\/wp-content\/uploads\/product_info_imgs\/product01.png\" alt=\"\" width=\"15\" height=\"15\" \/>\u00a0 B\u1eb1ng c\u00e1ch \u00e1p d\u1ee5ng m\u1ed9t gi\u1ea3i ph\u00e1p t\u00edch h\u1ee3p cao ho\u00e0n to\u00e0n m\u1edbi, n\u00f3 \u0111\u1ea1t \u0111\u01b0\u1ee3c hi\u1ec7u qu\u1ea3 cao h\u01a1n.<br \/>\n<img decoding=\"async\" class=\"alignnone size-full wp-image-9312\" src=\"\/wp-content\/uploads\/product_info_imgs\/product01.png\" alt=\"\" width=\"15\" height=\"15\" \/>\u00a0 Thi\u1ebft k\u1ebf h\u00ecnh tr\u00f2n mang \u0111\u1eadm ch\u1ea5t l\u01b0\u1ee3ng v\u00e0 c\u00e1 t\u00ednh ri\u00eang.<br \/>\n<img decoding=\"async\" class=\"alignnone size-full wp-image-9312\" src=\"\/wp-content\/uploads\/product_info_imgs\/product01.png\" alt=\"\" width=\"15\" height=\"15\" \/>\u00a0 B\u1ed1n l\u1edbp c\u00f4ng ngh\u1ec7 c\u1ed1t l\u00f5i \u0111\u1ea3m b\u1ea3o an to\u00e0n s\u1ea1c pin nghi\u00eam ng\u1eb7t.<br \/>\n<img decoding=\"async\" class=\"alignnone size-full wp-image-9312\" src=\"\/wp-content\/uploads\/product_info_imgs\/product01.png\" alt=\"\" width=\"15\" height=\"15\" \/>\u00a0 S\u1edf h\u1eefu thi\u1ebft k\u1ebf s\u1ea1c kh\u00f4ng hao ph\u00ed \u0111\u1ea7u ti\u00ean tr\u00ean th\u1ebf gi\u1edbi v\u1edbi b\u1eb1ng s\u00e1ng ch\u1ebf \u0111\u01b0\u1ee3c b\u1ea3o h\u1ed9 to\u00e0n c\u1ea7u.<br \/>\n<img decoding=\"async\" class=\"alignnone size-full wp-image-9312\" src=\"\/wp-content\/uploads\/product_info_imgs\/product01.png\" alt=\"\" width=\"15\" height=\"15\" \/>\u00a0 L\u1edbp v\u1ecf ngo\u00e0i b\u1eb1ng silicon m\u1ec1m cao c\u1ea5p, th\u00e2n thi\u1ec7n v\u1edbi da, ch\u1ed1ng m\u00e0i m\u00f2n v\u00e0 c\u00f3 \u0111\u1ed9 b\u1ec1n cao.<br \/>\n<img decoding=\"async\" class=\"alignnone size-full wp-image-9312\" src=\"\/wp-content\/uploads\/product_info_imgs\/product01.png\" alt=\"\" width=\"15\" height=\"15\" \/>\u00a0 Thi\u1ebft k\u1ebf nh\u1ecf g\u1ecdn v\u00e0 d\u1ec5 mang theo, ch\u1ec9 c\u00f3 \u0111\u01b0\u1eddng k\u00ednh 38 mm.<\/p>","protected":false},"featured_media":17149,"comment_status":"open","ping_status":"closed","template":"","meta":[],"product_brand":[],"product_cat":[122,121,155,153,123],"product_tag":[220],"class_list":{"0":"post-16540","1":"product","2":"type-product","3":"status-publish","4":"has-post-thumbnail","6":"product_cat-chargers","7":"product_cat-products","8":"product_cat-salet","9":"product_cat-ta3801","10":"product_cat-travel-chargers","11":"product_tag-30w","12":"pa_power-30w","14":"first","15":"instock","16":"taxable","17":"shipping-taxable","18":"purchasable","19":"product-type-variable","20":"has-default-attributes"},"_links":{"self":[{"href":"https:\/\/www.1edo.com\/vn\/wp-json\/wp\/v2\/product\/16540","targetHints":{"allow":["GET"]}}],"collection":[{"href":"https:\/\/www.1edo.com\/vn\/wp-json\/wp\/v2\/product"}],"about":[{"href":"https:\/\/www.1edo.com\/vn\/wp-json\/wp\/v2\/types\/product"}],"replies":[{"embeddable":true,"href":"https:\/\/www.1edo.com\/vn\/wp-json\/wp\/v2\/comments?post=16540"}],"version-history":[{"count":0,"href":"https:\/\/www.1edo.com\/vn\/wp-json\/wp\/v2\/product\/16540\/revisions"}],"wp:featuredmedia":[{"embeddable":true,"href":"https:\/\/www.1edo.com\/vn\/wp-json\/wp\/v2\/media\/17149"}],"wp:attachment":[{"href":"https:\/\/www.1edo.com\/vn\/wp-json\/wp\/v2\/media?parent=16540"}],"wp:term":[{"taxonomy":"product_brand","embeddable":true,"href":"https:\/\/www.1edo.com\/vn\/wp-json\/wp\/v2\/product_brand?post=16540"},{"taxonomy":"product_cat","embeddable":true,"href":"https:\/\/www.1edo.com\/vn\/wp-json\/wp\/v2\/product_cat?post=16540"},{"taxonomy":"product_tag","embeddable":true,"href":"https:\/\/www.1edo.com\/vn\/wp-json\/wp\/v2\/product_tag?post=16540"}],"curies":[{"name":"trang web","href":"https:\/\/api.w.org\/{rel}","templated":true}]}}