



{"id":16726,"date":"2026-01-24T12:00:42","date_gmt":"2026-01-24T12:00:42","guid":{"rendered":"https:\/\/hk.1edo.com\/?post_type=product&#038;p=16726"},"modified":"2026-03-31T07:46:09","modified_gmt":"2026-03-31T07:46:09","slug":"ta3803-pd20w-magnetic-to-lightning-charger-for-jp","status":"publish","type":"product","link":"https:\/\/www.1edo.com\/vn\/san-pham\/ta3803-pd20w-magnetic-to-lightning-charger-for-jp\/","title":{"rendered":"B\u1ed9 s\u1ea1c TA3803-PD20W t\u1eeb t\u00ednh sang Lightning d\u00e0nh cho JP"},"content":{"rendered":"<table width=\"1080\">\n<tbody>\n<tr>\n<td width=\"192\">Ng\u01b0\u1eddi m\u1eabu<\/td>\n<td width=\"888\"><span style=\"vertical-align: inherit;\"><span style=\"vertical-align: inherit;\"><span style=\"vertical-align: inherit;\"><span style=\"vertical-align: inherit;\"><span style=\"vertical-align: inherit;\"><span style=\"vertical-align: inherit;\"><span style=\"vertical-align: inherit;\">TA3803.JP<\/span><\/span><\/span><\/span><\/span><\/span><\/span><\/td>\n<\/tr>\n<tr>\n<td>M\u00e0u s\u1eafc<\/td>\n<td><span style=\"vertical-align: inherit;\"><span style=\"vertical-align: inherit;\">\u0110\u1ecf\/Tr\u1eafng\/Xanh l\u00e1 c\u00e2y\/T\u00edm<\/span><\/span><\/td>\n<\/tr>\n<tr>\n<td>Quy\u1ec1n l\u1ef1c<\/td>\n<td><span style=\"vertical-align: inherit;\"><span style=\"vertical-align: inherit;\"><span style=\"vertical-align: inherit;\">20,0 W<\/span><\/span><\/span><\/td>\n<\/tr>\n<tr>\n<td>\u0110\u1ea7u v\u00e0o<\/td>\n<td><span style=\"vertical-align: inherit;\"><span style=\"vertical-align: inherit;\"><span style=\"vertical-align: inherit;\"><span style=\"vertical-align: inherit;\"><span style=\"vertical-align: inherit;\">100V~240V 50\/60Hz 1.0A (T\u1ed1i \u0111a)<\/span><\/span><\/span><\/span><\/span><\/td>\n<\/tr>\n<tr>\n<td>\u0110\u1ea7u ra<\/td>\n<td width=\"888\"><span style=\"vertical-align: inherit;\"><span style=\"vertical-align: inherit;\"><span style=\"vertical-align: inherit;\"><span style=\"vertical-align: inherit;\"><span style=\"vertical-align: inherit;\"><span style=\"vertical-align: inherit;\"><span style=\"vertical-align: inherit;\">5V\u23933A, 9V\u23932.22A (C\u00f4ng su\u1ea5t t\u1ed1i \u0111a 20W)<\/span><\/span><\/span><\/span><\/span><\/span><\/span><\/td>\n<\/tr>\n<tr>\n<td>Giao th\u1ee9c s\u1ea1c nhanh<\/td>\n<td><span style=\"vertical-align: inherit;\"><span style=\"vertical-align: inherit;\">BC1.2 \/ APPLE 2.4A \/ SAMSUNG 2A QC3.0 \/ QC2.0 \/ PD3.0 \/ PD2.0 \/ AFC \/ FCP \/ SCP \/ PE2.0 \/ PE1.1 \/ SFCP<\/span><\/span><\/td>\n<\/tr>\n<tr>\n<td>Ti\u00eau chu\u1ea9n an to\u00e0n<\/td>\n<td><span style=\"vertical-align: inherit;\"><span style=\"vertical-align: inherit;\"><span style=\"vertical-align: inherit;\"><span style=\"vertical-align: inherit;\"><span style=\"vertical-align: inherit;\"><span style=\"vertical-align: inherit;\"><span style=\"vertical-align: inherit;\">EN 62368-1:2014 \/ A11:2017 IEC 62368-1:2014 \/ A11:2017 UL 62368-1:2014<\/span><\/span><\/span><\/span><\/span><\/span><\/span><\/td>\n<\/tr>\n<tr>\n<td>K\u00edch th\u01b0\u1edbc s\u1ea3n ph\u1ea9m<\/td>\n<td><span style=\"vertical-align: inherit;\"><span style=\"vertical-align: inherit;\">81,55x38x38mm<\/span><\/span><\/td>\n<\/tr>\n<tr>\n<td>Bao b\u00ec b\u00e1n l\u1ebb<\/td>\n<td>V\u1ec9 \u0111\u1ef1ng s\u1ea3n ph\u1ea9m + H\u1ed9p m\u00e0u + Th\u00f9ng carton b\u00ean ngo\u00e0i<\/td>\n<\/tr>\n<\/tbody>\n<\/table>","protected":false},"excerpt":{"rendered":"<p><img decoding=\"async\" class=\"alignnone size-full wp-image-9312\" src=\"\/wp-content\/uploads\/product_info_imgs\/product01.png\" alt=\"\" width=\"15\" height=\"15\" \/>\u00a0 B\u1eb1ng c\u00e1ch \u00e1p d\u1ee5ng m\u1ed9t gi\u1ea3i ph\u00e1p t\u00edch h\u1ee3p cao ho\u00e0n to\u00e0n m\u1edbi, n\u00f3 \u0111\u1ea1t \u0111\u01b0\u1ee3c hi\u1ec7u qu\u1ea3 cao h\u01a1n.<br \/>\n<img decoding=\"async\" class=\"alignnone size-full wp-image-9312\" src=\"\/wp-content\/uploads\/product_info_imgs\/product01.png\" alt=\"\" width=\"15\" height=\"15\" \/>\u00a0 Thi\u1ebft k\u1ebf h\u00ecnh tr\u00f2n mang \u0111\u1eadm ch\u1ea5t l\u01b0\u1ee3ng v\u00e0 c\u00e1 t\u00ednh ri\u00eang.<br \/>\n<img decoding=\"async\" class=\"alignnone size-full wp-image-9312\" src=\"\/wp-content\/uploads\/product_info_imgs\/product01.png\" alt=\"\" width=\"15\" height=\"15\" \/>\u00a0 B\u1ed1n l\u1edbp c\u00f4ng ngh\u1ec7 c\u1ed1t l\u00f5i \u0111\u1ea3m b\u1ea3o an to\u00e0n s\u1ea1c pin nghi\u00eam ng\u1eb7t.<br \/>\n<img decoding=\"async\" class=\"alignnone size-full wp-image-9312\" src=\"\/wp-content\/uploads\/product_info_imgs\/product01.png\" alt=\"\" width=\"15\" height=\"15\" \/>\u00a0 S\u1edf h\u1eefu thi\u1ebft k\u1ebf s\u1ea1c kh\u00f4ng hao ph\u00ed \u0111\u1ea7u ti\u00ean tr\u00ean th\u1ebf gi\u1edbi v\u1edbi b\u1eb1ng s\u00e1ng ch\u1ebf \u0111\u01b0\u1ee3c b\u1ea3o h\u1ed9 to\u00e0n c\u1ea7u.<br \/>\n<img decoding=\"async\" class=\"alignnone size-full wp-image-9312\" src=\"\/wp-content\/uploads\/product_info_imgs\/product01.png\" alt=\"\" width=\"15\" height=\"15\" \/>\u00a0 L\u1edbp v\u1ecf ngo\u00e0i b\u1eb1ng silicon m\u1ec1m cao c\u1ea5p, th\u00e2n thi\u1ec7n v\u1edbi da, ch\u1ed1ng m\u00e0i m\u00f2n v\u00e0 c\u00f3 \u0111\u1ed9 b\u1ec1n cao.<br \/>\n<img decoding=\"async\" class=\"alignnone size-full wp-image-9312\" src=\"\/wp-content\/uploads\/product_info_imgs\/product01.png\" alt=\"\" width=\"15\" height=\"15\" \/>\u00a0 Thi\u1ebft k\u1ebf nh\u1ecf g\u1ecdn v\u00e0 d\u1ec5 mang theo, ch\u1ec9 c\u00f3 \u0111\u01b0\u1eddng k\u00ednh 38 mm.<\/p>","protected":false},"featured_media":17328,"comment_status":"open","ping_status":"closed","template":"","meta":{"_acf_changed":false},"product_brand":[],"product_cat":[166,122,123,121],"product_tag":[126],"class_list":{"0":"post-16726","1":"product","2":"type-product","3":"status-publish","4":"has-post-thumbnail","6":"product_cat-ta3803","7":"product_cat-chargers","8":"product_cat-travel-chargers","9":"product_cat-products","10":"product_tag-20w","11":"pa_power-20w","13":"first","14":"instock","15":"taxable","16":"shipping-taxable","17":"purchasable","18":"product-type-variable","19":"wvs-archive-product-wrapper"},"acf":[],"yoast_head":"<!-- This site is optimized with the Yoast SEO plugin v26.7 - https:\/\/yoast.com\/wordpress\/plugins\/seo\/ -->\n<title>TA3803-PD20W-Magnetic-to-Lightning Charger For JP - 1edo mall<\/title>\n<meta name=\"description\" content=\"TA1104\" \/>\n<meta name=\"robots\" content=\"index, follow, max-snippet:-1, max-image-preview:large, max-video-preview:-1\" \/>\n<link rel=\"canonical\" href=\"https:\/\/www.1edo.com\/vn\/vare\/ta3803-pd20w-magnetic-to-lightning-charger-for-jp\/\" \/>\n<meta property=\"og:locale\" content=\"vi_VN\" \/>\n<meta property=\"og:type\" content=\"article\" \/>\n<meta property=\"og:title\" content=\"TA3803-PD20W-Magnetic-to-Lightning Charger For JP - 1edo mall\" \/>\n<meta property=\"og:description\" content=\"TA1104\" \/>\n<meta property=\"og:url\" content=\"https:\/\/www.1edo.com\/vn\/vare\/ta3803-pd20w-magnetic-to-lightning-charger-for-jp\/\" \/>\n<meta property=\"og:site_name\" content=\"1edo mall\" \/>\n<meta property=\"article:modified_time\" content=\"2026-03-31T07:46:09+00:00\" \/>\n<meta property=\"og:image\" content=\"https:\/\/www.1edo.com\/wp-content\/uploads\/2026\/02\/TA38-JP-Red-New-3.webp\" \/>\n\t<meta property=\"og:image:width\" content=\"1000\" \/>\n\t<meta property=\"og:image:height\" content=\"1000\" \/>\n\t<meta property=\"og:image:type\" content=\"image\/webp\" \/>\n<meta name=\"twitter:card\" content=\"summary_large_image\" \/>\n<meta name=\"twitter:label1\" content=\"\u01af\u1edbc t\u00ednh th\u1eddi gian \u0111\u1ecdc\" \/>\n\t<meta name=\"twitter:data1\" content=\"1 ph\u00fat\" \/>\n<script type=\"application\/ld+json\" class=\"yoast-schema-graph\">{\"@context\":\"https:\/\/schema.org\",\"@graph\":[{\"@type\":\"WebPage\",\"@id\":\"https:\/\/www.1edo.com\/dk\/vare\/ta3803-pd20w-magnetic-to-lightning-charger-for-jp\/\",\"url\":\"https:\/\/www.1edo.com\/dk\/vare\/ta3803-pd20w-magnetic-to-lightning-charger-for-jp\/\",\"name\":\"TA3803-PD20W-Magnetic-to-Lightning Charger For JP - 1edo mall\",\"isPartOf\":{\"@id\":\"https:\/\/www.1edo.com\/fi\/#website\"},\"primaryImageOfPage\":{\"@id\":\"https:\/\/www.1edo.com\/dk\/vare\/ta3803-pd20w-magnetic-to-lightning-charger-for-jp\/#primaryimage\"},\"image\":{\"@id\":\"https:\/\/www.1edo.com\/dk\/vare\/ta3803-pd20w-magnetic-to-lightning-charger-for-jp\/#primaryimage\"},\"thumbnailUrl\":\"https:\/\/www.1edo.com\/wp-content\/uploads\/2026\/02\/TA38-JP-Red-New-3.webp\",\"datePublished\":\"2026-01-24T12:00:42+00:00\",\"dateModified\":\"2026-03-31T07:46:09+00:00\",\"description\":\"TA1104\",\"breadcrumb\":{\"@id\":\"https:\/\/www.1edo.com\/dk\/vare\/ta3803-pd20w-magnetic-to-lightning-charger-for-jp\/#breadcrumb\"},\"inLanguage\":\"vi\",\"potentialAction\":[{\"@type\":\"ReadAction\",\"target\":[\"https:\/\/www.1edo.com\/dk\/vare\/ta3803-pd20w-magnetic-to-lightning-charger-for-jp\/\"]}]},{\"@type\":\"ImageObject\",\"inLanguage\":\"vi\",\"@id\":\"https:\/\/www.1edo.com\/dk\/vare\/ta3803-pd20w-magnetic-to-lightning-charger-for-jp\/#primaryimage\",\"url\":\"https:\/\/www.1edo.com\/wp-content\/uploads\/2026\/02\/TA38-JP-Red-New-3.webp\",\"contentUrl\":\"https:\/\/www.1edo.com\/wp-content\/uploads\/2026\/02\/TA38-JP-Red-New-3.webp\",\"width\":1000,\"height\":1000},{\"@type\":\"BreadcrumbList\",\"@id\":\"https:\/\/www.1edo.com\/dk\/vare\/ta3803-pd20w-magnetic-to-lightning-charger-for-jp\/#breadcrumb\",\"itemListElement\":[{\"@type\":\"ListItem\",\"position\":1,\"name\":\"Produkty\",\"item\":\"https:\/\/1edo.com\/pl\/shop\/\"},{\"@type\":\"ListItem\",\"position\":2,\"name\":\"TA3803-PD20W-Magnetic-to-Lightning Charger For JP\"}]},{\"@type\":\"WebSite\",\"@id\":\"https:\/\/www.1edo.com\/fi\/#website\",\"url\":\"https:\/\/www.1edo.com\/fi\/\",\"name\":\"1edo mall\",\"description\":\"1edo mall\",\"potentialAction\":[{\"@type\":\"SearchAction\",\"target\":{\"@type\":\"EntryPoint\",\"urlTemplate\":\"https:\/\/www.1edo.com\/fi\/?s={search_term_string}\"},\"query-input\":{\"@type\":\"PropertyValueSpecification\",\"valueRequired\":true,\"valueName\":\"search_term_string\"}}],\"inLanguage\":\"vi\"}]}<\/script>\n<!-- \/ Yoast SEO plugin. -->","yoast_head_json":{"title":"TA3803-PD20W-Magnetic-to-Lightning Charger For JP - 1edo mall","description":"TA1104","robots":{"index":"index","follow":"follow","max-snippet":"max-snippet:-1","max-image-preview":"max-image-preview:large","max-video-preview":"max-video-preview:-1"},"canonical":"https:\/\/www.1edo.com\/vn\/vare\/ta3803-pd20w-magnetic-to-lightning-charger-for-jp\/","og_locale":"vi_VN","og_type":"article","og_title":"TA3803-PD20W-Magnetic-to-Lightning Charger For JP - 1edo mall","og_description":"TA1104","og_url":"https:\/\/www.1edo.com\/vn\/vare\/ta3803-pd20w-magnetic-to-lightning-charger-for-jp\/","og_site_name":"1edo mall","article_modified_time":"2026-03-31T07:46:09+00:00","og_image":[{"width":1000,"height":1000,"url":"https:\/\/www.1edo.com\/wp-content\/uploads\/2026\/02\/TA38-JP-Red-New-3.webp","type":"image\/webp"}],"twitter_card":"summary_large_image","twitter_misc":{"\u01af\u1edbc t\u00ednh th\u1eddi gian \u0111\u1ecdc":"1 ph\u00fat"},"schema":{"@context":"https:\/\/schema.org","@graph":[{"@type":"WebPage","@id":"https:\/\/www.1edo.com\/dk\/vare\/ta3803-pd20w-magnetic-to-lightning-charger-for-jp\/","url":"https:\/\/www.1edo.com\/dk\/vare\/ta3803-pd20w-magnetic-to-lightning-charger-for-jp\/","name":"TA3803-PD20W-Magnetic-to-Lightning Charger For JP - 1edo mall","isPartOf":{"@id":"https:\/\/www.1edo.com\/fi\/#website"},"primaryImageOfPage":{"@id":"https:\/\/www.1edo.com\/dk\/vare\/ta3803-pd20w-magnetic-to-lightning-charger-for-jp\/#primaryimage"},"image":{"@id":"https:\/\/www.1edo.com\/dk\/vare\/ta3803-pd20w-magnetic-to-lightning-charger-for-jp\/#primaryimage"},"thumbnailUrl":"https:\/\/www.1edo.com\/wp-content\/uploads\/2026\/02\/TA38-JP-Red-New-3.webp","datePublished":"2026-01-24T12:00:42+00:00","dateModified":"2026-03-31T07:46:09+00:00","description":"TA1104","breadcrumb":{"@id":"https:\/\/www.1edo.com\/dk\/vare\/ta3803-pd20w-magnetic-to-lightning-charger-for-jp\/#breadcrumb"},"inLanguage":"vi","potentialAction":[{"@type":"ReadAction","target":["https:\/\/www.1edo.com\/dk\/vare\/ta3803-pd20w-magnetic-to-lightning-charger-for-jp\/"]}]},{"@type":"ImageObject","inLanguage":"vi","@id":"https:\/\/www.1edo.com\/dk\/vare\/ta3803-pd20w-magnetic-to-lightning-charger-for-jp\/#primaryimage","url":"https:\/\/www.1edo.com\/wp-content\/uploads\/2026\/02\/TA38-JP-Red-New-3.webp","contentUrl":"https:\/\/www.1edo.com\/wp-content\/uploads\/2026\/02\/TA38-JP-Red-New-3.webp","width":1000,"height":1000},{"@type":"BreadcrumbList","@id":"https:\/\/www.1edo.com\/dk\/vare\/ta3803-pd20w-magnetic-to-lightning-charger-for-jp\/#breadcrumb","itemListElement":[{"@type":"ListItem","position":1,"name":"Produkty","item":"https:\/\/1edo.com\/pl\/shop\/"},{"@type":"ListItem","position":2,"name":"TA3803-PD20W-Magnetic-to-Lightning Charger For JP"}]},{"@type":"WebSite","@id":"https:\/\/www.1edo.com\/fi\/#website","url":"https:\/\/www.1edo.com\/fi\/","name":"trung t\u00e2m th\u01b0\u01a1ng m\u1ea1i 1edo","description":"trung t\u00e2m th\u01b0\u01a1ng m\u1ea1i 1edo","potentialAction":[{"@type":"SearchAction","target":{"@type":"EntryPoint","urlTemplate":"https:\/\/www.1edo.com\/fi\/?s={search_term_string}"},"query-input":{"@type":"PropertyValueSpecification","valueRequired":true,"valueName":"search_term_string"}}],"inLanguage":"vi"}]}},"_links":{"self":[{"href":"https:\/\/www.1edo.com\/vn\/wp-json\/wp\/v2\/product\/16726","targetHints":{"allow":["GET"]}}],"collection":[{"href":"https:\/\/www.1edo.com\/vn\/wp-json\/wp\/v2\/product"}],"about":[{"href":"https:\/\/www.1edo.com\/vn\/wp-json\/wp\/v2\/types\/product"}],"replies":[{"embeddable":true,"href":"https:\/\/www.1edo.com\/vn\/wp-json\/wp\/v2\/comments?post=16726"}],"version-history":[{"count":9,"href":"https:\/\/www.1edo.com\/vn\/wp-json\/wp\/v2\/product\/16726\/revisions"}],"predecessor-version":[{"id":16734,"href":"https:\/\/www.1edo.com\/vn\/wp-json\/wp\/v2\/product\/16726\/revisions\/16734"}],"wp:featuredmedia":[{"embeddable":true,"href":"https:\/\/www.1edo.com\/vn\/wp-json\/wp\/v2\/media\/17328"}],"wp:attachment":[{"href":"https:\/\/www.1edo.com\/vn\/wp-json\/wp\/v2\/media?parent=16726"}],"wp:term":[{"taxonomy":"product_brand","embeddable":true,"href":"https:\/\/www.1edo.com\/vn\/wp-json\/wp\/v2\/product_brand?post=16726"},{"taxonomy":"product_cat","embeddable":true,"href":"https:\/\/www.1edo.com\/vn\/wp-json\/wp\/v2\/product_cat?post=16726"},{"taxonomy":"product_tag","embeddable":true,"href":"https:\/\/www.1edo.com\/vn\/wp-json\/wp\/v2\/product_tag?post=16726"}],"curies":[{"name":"trang web","href":"https:\/\/api.w.org\/{rel}","templated":true}]}}